{"id":10,"date":"2023-05-07T03:08:43","date_gmt":"2023-05-07T06:08:43","guid":{"rendered":"https:\/\/caleine.com\/?page_id=10"},"modified":"2023-05-07T03:08:43","modified_gmt":"2023-05-07T06:08:43","slug":"termos-e-condicoes","status":"publish","type":"page","link":"https:\/\/caleine.com\/en_gb\/termos-e-condicoes\/","title":{"rendered":"Terms and conditions"},"content":{"rendered":"<h2><span style=\"color: #444444;\">1. Terms<\/span><\/h2>\n<p><span style=\"color: #444444;\">When accessing the website <a href=\"https:\/\/caleine.com\/en_gb\/\">caleine<\/a>, you agree to comply with these terms of service, all applicable laws and regulations, and agree that you are responsible for compliance with all applicable local laws. If you do not agree to any of these terms, you are prohibited from using or accessing this website. The materials contained on this site are protected by applicable copyright and trademark laws.<\/span><\/p>\n<h2><span style=\"color: #444444;\">2. Use of License<\/span><\/h2>\n<p><span style=\"color: #444444;\">Permission is granted to temporarily download one copy of the materials (information or software) on Caleine&#039;s website for personal, non-commercial transitory viewing only. This is the grant of a license, not a transfer of title, and under this license you may not:\u00a0<\/span><\/p>\n<ol>\n<li><span style=\"color: #444444;\">modify or copy the materials;\u00a0<\/span><\/li>\n<li><span style=\"color: #444444;\">use the materials for any commercial purpose or for public display (commercial or non-commercial);\u00a0<\/span><\/li>\n<li><span style=\"color: #444444;\">attempt to decompile or reverse engineer any software contained on the Caleine website;\u00a0<\/span><\/li>\n<li><span style=\"color: #444444;\">remove any copyright or other proprietary notations from the materials; or\u00a0<\/span><\/li>\n<li><span style=\"color: #444444;\">transfer the materials to another person or &#039;mirror&#039; the materials on any other server.<\/span><\/li>\n<\/ol>\n<p><span style=\"color: #444444;\">This license will automatically terminate if you violate any of these restrictions and may be terminated by Caleine at any time. Upon ceasing to view these materials or upon termination of this license, you must delete all downloaded materials in your possession, whether in electronic or printed format.<\/span><\/p>\n<h2><span style=\"color: #444444;\">3. Disclaimer<\/span><\/h2>\n<ol>\n<li><span style=\"color: #444444;\">The materials on Caleine&#039;s website are provided &quot;as is&quot;. Caleine makes no warranties, express or implied, and hereby disclaims and disclaims all other warranties, including, without limitation, implied warranties or conditions of merchantability, fitness for a particular purpose, or non-infringement of intellectual property or other violation of rights.<\/span><\/li>\n<li><span style=\"color: #444444;\">Furthermore, Caleine does not guarantee or make any representations regarding the accuracy, likely results or reliability of the use of the materials on its website or otherwise related to these materials or on websites linked to this website.<\/span><\/li>\n<\/ol>\n<h2><span style=\"color: #444444;\">4. Limitations<\/span><\/h2>\n<p><span style=\"color: #444444;\">In no event will Caleine or its suppliers be liable for any damages (including, without limitation, damages for loss of data or profit or due to business interruption) arising out of the use or inability to use the materials on Caleine, even if Caleine or an authorized representative of Caleine has been notified orally or in writing of the possibility of such damages. Because some jurisdictions do not allow limitations on implied warranties, or limitations on liability for consequential or incidental damages, these limitations may not apply to you.<\/span><\/p>\n<h2><span style=\"color: #444444;\">5. Accuracy of materials<\/span><\/h2>\n<p><span style=\"color: #444444;\">The materials appearing on Caleine&#039;s web site could include technical, typographical, or photographic errors. Caleine does not warrant that any of the materials on its website are accurate, complete, or current. Caleine may make changes to the materials contained on its website at any time without notice. Caleine does not, however, make any commitment to update the materials.<\/span><\/p>\n<h2><span style=\"color: #444444;\">6. Links<\/span><\/h2>\n<p><span style=\"color: #444444;\">Caleine has not reviewed all of the sites linked to its website and is not responsible for the content of any such linked site. The inclusion of any link does not imply endorsement by Caleine of the site. Use of any linked site is at the user&#039;s own risk.<\/span><\/p>\n<p>&nbsp;<\/p>\n<h3><span style=\"color: #444444;\">Modifications<\/span><\/h3>\n<p><span style=\"color: #444444;\">Caleine may revise these terms of service for its website at any time without notice. By using this website, you agree to be bound by the current version of these terms of service.<\/span><\/p>\n<h3><span style=\"color: #444444;\">Applicable law<\/span><\/h3>\n<p><span style=\"color: #444444;\">These terms and conditions are governed by and construed in accordance with the laws of Caleine and you irrevocably submit to the exclusive jurisdiction of the courts in that state or locality.<\/span><\/p>","protected":false},"excerpt":{"rendered":"<p>1. Termos Ao acessar ao site Caleine, concorda em cumprir estes termos de servi\u00e7o, todas as leis e regulamentos aplic\u00e1veis \u200b\u200be concorda que \u00e9 respons\u00e1vel pelo cumprimento de todas as leis locais aplic\u00e1veis. Se voc\u00ea n\u00e3o concordar com algum desses termos, est\u00e1 proibido de usar ou acessar este site. Os [&hellip;]<\/p>","protected":false},"author":1,"featured_media":0,"parent":0,"menu_order":0,"comment_status":"closed","ping_status":"closed","template":"","meta":{"footnotes":""},"class_list":["post-10","page","type-page","status-publish","hentry"],"yoast_head":"<!-- This site is optimized with the Yoast SEO plugin v24.5 - https:\/\/yoast.com\/wordpress\/plugins\/seo\/ -->\n<title>Termos e Condi\u00e7\u00f5es -<\/title>\n<meta name=\"robots\" content=\"index, follow, max-snippet:-1, max-image-preview:large, max-video-preview:-1\" \/>\n<link rel=\"canonical\" href=\"https:\/\/caleine.com\/en_gb\/termos-e-condicoes\/\" \/>\n<meta property=\"og:locale\" content=\"en_GB\" \/>\n<meta property=\"og:type\" content=\"article\" \/>\n<meta property=\"og:title\" content=\"Termos e Condi\u00e7\u00f5es -\" \/>\n<meta property=\"og:description\" content=\"1. Termos Ao acessar ao site Caleine, concorda em cumprir estes termos de servi\u00e7o, todas as leis e regulamentos aplic\u00e1veis \u200b\u200be concorda que \u00e9 respons\u00e1vel pelo cumprimento de todas as leis locais aplic\u00e1veis. Se voc\u00ea n\u00e3o concordar com algum desses termos, est\u00e1 proibido de usar ou acessar este site. Os [&hellip;]\" \/>\n<meta property=\"og:url\" content=\"https:\/\/caleine.com\/en_gb\/termos-e-condicoes\/\" \/>\n<meta name=\"twitter:card\" content=\"summary_large_image\" \/>\n<meta name=\"twitter:label1\" content=\"Estimated reading time\" \/>\n\t<meta name=\"twitter:data1\" content=\"3 minutes\" \/>\n<script type=\"application\/ld+json\" class=\"yoast-schema-graph\">{\"@context\":\"https:\/\/schema.org\",\"@graph\":[{\"@type\":\"WebPage\",\"@id\":\"https:\/\/caleine.com\/termos-e-condicoes\/\",\"url\":\"https:\/\/caleine.com\/termos-e-condicoes\/\",\"name\":\"Termos e Condi\u00e7\u00f5es -\",\"isPartOf\":{\"@id\":\"https:\/\/caleine.com\/#website\"},\"datePublished\":\"2023-05-07T06:08:43+00:00\",\"breadcrumb\":{\"@id\":\"https:\/\/caleine.com\/termos-e-condicoes\/#breadcrumb\"},\"inLanguage\":\"en-GB\",\"potentialAction\":[{\"@type\":\"ReadAction\",\"target\":[\"https:\/\/caleine.com\/termos-e-condicoes\/\"]}]},{\"@type\":\"BreadcrumbList\",\"@id\":\"https:\/\/caleine.com\/termos-e-condicoes\/#breadcrumb\",\"itemListElement\":[{\"@type\":\"ListItem\",\"position\":1,\"name\":\"In\u00edcio\",\"item\":\"https:\/\/caleine.com\/\"},{\"@type\":\"ListItem\",\"position\":2,\"name\":\"Termos e Condi\u00e7\u00f5es\"}]},{\"@type\":\"WebSite\",\"@id\":\"https:\/\/caleine.com\/#website\",\"url\":\"https:\/\/caleine.com\/\",\"name\":\"\",\"description\":\"Caleine\",\"potentialAction\":[{\"@type\":\"SearchAction\",\"target\":{\"@type\":\"EntryPoint\",\"urlTemplate\":\"https:\/\/caleine.com\/?s={search_term_string}\"},\"query-input\":{\"@type\":\"PropertyValueSpecification\",\"valueRequired\":true,\"valueName\":\"search_term_string\"}}],\"inLanguage\":\"en-GB\"}]}<\/script>\n<!-- \/ Yoast SEO plugin. -->","yoast_head_json":{"title":"Termos e Condi\u00e7\u00f5es -","robots":{"index":"index","follow":"follow","max-snippet":"max-snippet:-1","max-image-preview":"max-image-preview:large","max-video-preview":"max-video-preview:-1"},"canonical":"https:\/\/caleine.com\/en_gb\/termos-e-condicoes\/","og_locale":"en_GB","og_type":"article","og_title":"Termos e Condi\u00e7\u00f5es -","og_description":"1. Termos Ao acessar ao site Caleine, concorda em cumprir estes termos de servi\u00e7o, todas as leis e regulamentos aplic\u00e1veis \u200b\u200be concorda que \u00e9 respons\u00e1vel pelo cumprimento de todas as leis locais aplic\u00e1veis. Se voc\u00ea n\u00e3o concordar com algum desses termos, est\u00e1 proibido de usar ou acessar este site. Os [&hellip;]","og_url":"https:\/\/caleine.com\/en_gb\/termos-e-condicoes\/","twitter_card":"summary_large_image","twitter_misc":{"Estimated reading time":"3 minutes"},"schema":{"@context":"https:\/\/schema.org","@graph":[{"@type":"WebPage","@id":"https:\/\/caleine.com\/termos-e-condicoes\/","url":"https:\/\/caleine.com\/termos-e-condicoes\/","name":"Termos e Condi\u00e7\u00f5es -","isPartOf":{"@id":"https:\/\/caleine.com\/#website"},"datePublished":"2023-05-07T06:08:43+00:00","breadcrumb":{"@id":"https:\/\/caleine.com\/termos-e-condicoes\/#breadcrumb"},"inLanguage":"en-GB","potentialAction":[{"@type":"ReadAction","target":["https:\/\/caleine.com\/termos-e-condicoes\/"]}]},{"@type":"BreadcrumbList","@id":"https:\/\/caleine.com\/termos-e-condicoes\/#breadcrumb","itemListElement":[{"@type":"ListItem","position":1,"name":"In\u00edcio","item":"https:\/\/caleine.com\/"},{"@type":"ListItem","position":2,"name":"Termos e Condi\u00e7\u00f5es"}]},{"@type":"WebSite","@id":"https:\/\/caleine.com\/#website","url":"https:\/\/caleine.com\/","name":"","description":"Caleine","potentialAction":[{"@type":"SearchAction","target":{"@type":"EntryPoint","urlTemplate":"https:\/\/caleine.com\/?s={search_term_string}"},"query-input":{"@type":"PropertyValueSpecification","valueRequired":true,"valueName":"search_term_string"}}],"inLanguage":"en-GB"}]}},"_links":{"self":[{"href":"https:\/\/caleine.com\/en_gb\/wp-json\/wp\/v2\/pages\/10","targetHints":{"allow":["GET"]}}],"collection":[{"href":"https:\/\/caleine.com\/en_gb\/wp-json\/wp\/v2\/pages"}],"about":[{"href":"https:\/\/caleine.com\/en_gb\/wp-json\/wp\/v2\/types\/page"}],"author":[{"embeddable":true,"href":"https:\/\/caleine.com\/en_gb\/wp-json\/wp\/v2\/users\/1"}],"replies":[{"embeddable":true,"href":"https:\/\/caleine.com\/en_gb\/wp-json\/wp\/v2\/comments?post=10"}],"version-history":[{"count":1,"href":"https:\/\/caleine.com\/en_gb\/wp-json\/wp\/v2\/pages\/10\/revisions"}],"predecessor-version":[{"id":11,"href":"https:\/\/caleine.com\/en_gb\/wp-json\/wp\/v2\/pages\/10\/revisions\/11"}],"wp:attachment":[{"href":"https:\/\/caleine.com\/en_gb\/wp-json\/wp\/v2\/media?parent=10"}],"curies":[{"name":"wp","href":"https:\/\/api.w.org\/{rel}","templated":true}]}}