{"id":6,"date":"2023-05-07T03:08:19","date_gmt":"2023-05-07T06:08:19","guid":{"rendered":"https:\/\/caleine.com\/?page_id=6"},"modified":"2023-05-07T03:08:19","modified_gmt":"2023-05-07T06:08:19","slug":"politica-de-privacidade","status":"publish","type":"page","link":"https:\/\/caleine.com\/en_gb\/politica-de-privacidade\/","title":{"rendered":"Privacy Policy"},"content":{"rendered":"<h2><span style=\"color: #444444;\">Privacy Policy<\/span><\/h2>\n<p><span style=\"color: #444444;\">Your privacy is important to us. It is Caleine&#039;s policy to respect your privacy regarding any information we may collect from you on the website. <a href=\"https:\/\/caleine.com\/en_gb\/\">caleine<\/a>, and other websites that we own and operate.<\/span><\/p>\n<p><span style=\"color: #444444;\">We only ask for personal information when we really need it to provide you with a service. We do this by fair and lawful means, with your knowledge and consent. We also let you know why we are collecting it and how it will be used.<\/span><\/p>\n<p><span style=\"color: #444444;\">We only retain collected information for as long as necessary to provide the requested service. When we store data, we protect it within commercially acceptable means to prevent loss and theft, as well as unauthorized access, disclosure, copying, use or modification.<\/span><\/p>\n<p><span style=\"color: #444444;\">We do not share personally identifiable information publicly or with third parties, except as required by law.<\/span><\/p>\n<p><span style=\"color: #444444;\">Our website may have links to external websites that are not operated by us. Please be aware that we have no control over the content and practices of these sites and cannot accept responsibility for their respective\u00a0<\/span><a href=\"https:\/\/politicaprivacidade.com\/\" rel=\"noopener noreferrer\" target=\"_blank\" style=\"background-color: transparent; color: #444444;\">privacy policies<\/a><span style=\"color: #444444;\">.<\/span><\/p>\n<p><span style=\"color: #444444;\">You are free to decline our request for personal information, understanding that we may not be able to provide you with some of your desired services.<\/span><\/p>\n<p><span style=\"color: #444444;\">Your continued use of our website will be deemed acceptance of our practices around privacy and personal information. If you have any questions about how we handle user data and personal information, please contact us.<\/span><\/p>\n<p><span style=\"color: #444444;\"><\/span><\/p>\n<ul>\n<li><span style=\"color: #444444;\">The Google AdSense service that we use to serve you advertising uses a DoubleClick cookie to serve you more relevant ads across the web and to limit the number of times a particular ad is shown to you.<\/span><\/li>\n<li><span style=\"color: #444444;\">For more information about AdSense, see the official AdSense Privacy FAQ.<\/span><\/li>\n<li><span style=\"color: #444444;\">We use advertisements to offset the costs of running this website and to provide funding for future development. The behavioral advertising cookies used by this website are designed to ensure that we provide you with the most relevant advertisements where possible, anonymously tracking your interests and presenting you with similar things that may be of interest to you.<\/span><\/li>\n<li><span style=\"color: #444444;\">Various partners advertise on our behalf and affiliate tracking cookies simply allow us to see whether our customers have accessed the site through one of our partners&#039; sites so that we can properly credit them and, where applicable, allow our affiliate partners to offer any promotion that can provide you to make a purchase.<\/span><\/li>\n<\/ul>\n<p>&nbsp;<\/p>\n<p>&nbsp;<\/p>\n<h3><span style=\"color: #444444;\">User Commitment<\/span><\/h3>\n<p><span style=\"color: #444444;\">The user undertakes to make proper use of the contents and information that Caleine offers on the website and with an enunciative, but not limiting, character:<\/span><\/p>\n<ul>\n<li><span style=\"color: #444444;\">A) Not to engage in activities that are illegal or contrary to good faith and public order;<\/span><\/li>\n<li><span style=\"color: #444444;\">B) Not to disseminate propaganda or content of a racist, xenophobic, <\/span><span style=\"color: #212529;\"><a href=\"https:\/\/apostasonline.guru\/bet365-apostas\/\" style=\"color: inherit !important; text-decoration: none !important; font-size: inherit !important;\">bet365 brazil<\/a><\/span><span style=\"color: #444444;\"> or bad luck, any type of illegal pornography, in support of terrorism or against human rights;<\/span><\/li>\n<li><span style=\"color: #444444;\">C) Not to cause damage to the physical (hardware) and logical (software) systems of Caleine, its suppliers or third parties, to introduce or disseminate computer viruses or any other hardware or software systems that are capable of causing damage mentioned above.<\/span><\/li>\n<\/ul>\n<h3><span style=\"color: #444444;\">More information<\/span><\/h3>\n<p><span style=\"color: #444444;\">Hopefully that&#039;s cleared up, and as mentioned earlier, if there&#039;s something you&#039;re not sure whether you need or not, it&#039;s generally safer to leave cookies enabled should you interact with one of the features you use on our website.<\/span><\/p>\n<p><span style=\"color: #444444;\">This policy is effective from 7 May 2023 06:07<\/span><\/p>","protected":false},"excerpt":{"rendered":"<p>Pol\u00edtica Privacidade A sua privacidade \u00e9 importante para n\u00f3s. \u00c9 pol\u00edtica do Caleine respeitar a sua privacidade em rela\u00e7\u00e3o a qualquer informa\u00e7\u00e3o sua que possamos coletar no site Caleine, e outros sites que possu\u00edmos e operamos. Solicitamos informa\u00e7\u00f5es pessoais apenas quando realmente precisamos delas para lhe fornecer um servi\u00e7o. Fazemo-lo [&hellip;]<\/p>","protected":false},"author":1,"featured_media":0,"parent":0,"menu_order":0,"comment_status":"closed","ping_status":"closed","template":"","meta":{"footnotes":""},"class_list":["post-6","page","type-page","status-publish","hentry"],"yoast_head":"<!-- This site is optimized with the Yoast SEO plugin v24.5 - https:\/\/yoast.com\/wordpress\/plugins\/seo\/ -->\n<title>Pol\u00edtica de Privacidade -<\/title>\n<meta name=\"robots\" content=\"index, follow, max-snippet:-1, max-image-preview:large, max-video-preview:-1\" \/>\n<link rel=\"canonical\" href=\"https:\/\/caleine.com\/en_gb\/politica-de-privacidade\/\" \/>\n<meta property=\"og:locale\" content=\"en_GB\" \/>\n<meta property=\"og:type\" content=\"article\" \/>\n<meta property=\"og:title\" content=\"Pol\u00edtica de Privacidade -\" \/>\n<meta property=\"og:description\" content=\"Pol\u00edtica Privacidade A sua privacidade \u00e9 importante para n\u00f3s. \u00c9 pol\u00edtica do Caleine respeitar a sua privacidade em rela\u00e7\u00e3o a qualquer informa\u00e7\u00e3o sua que possamos coletar no site Caleine, e outros sites que possu\u00edmos e operamos. Solicitamos informa\u00e7\u00f5es pessoais apenas quando realmente precisamos delas para lhe fornecer um servi\u00e7o. Fazemo-lo [&hellip;]\" \/>\n<meta property=\"og:url\" content=\"https:\/\/caleine.com\/en_gb\/politica-de-privacidade\/\" \/>\n<meta name=\"twitter:card\" content=\"summary_large_image\" \/>\n<meta name=\"twitter:label1\" content=\"Estimated reading time\" \/>\n\t<meta name=\"twitter:data1\" content=\"3 minutes\" \/>\n<script type=\"application\/ld+json\" class=\"yoast-schema-graph\">{\"@context\":\"https:\/\/schema.org\",\"@graph\":[{\"@type\":\"WebPage\",\"@id\":\"https:\/\/caleine.com\/politica-de-privacidade\/\",\"url\":\"https:\/\/caleine.com\/politica-de-privacidade\/\",\"name\":\"Pol\u00edtica de Privacidade -\",\"isPartOf\":{\"@id\":\"https:\/\/caleine.com\/#website\"},\"datePublished\":\"2023-05-07T06:08:19+00:00\",\"breadcrumb\":{\"@id\":\"https:\/\/caleine.com\/politica-de-privacidade\/#breadcrumb\"},\"inLanguage\":\"en-GB\",\"potentialAction\":[{\"@type\":\"ReadAction\",\"target\":[\"https:\/\/caleine.com\/politica-de-privacidade\/\"]}]},{\"@type\":\"BreadcrumbList\",\"@id\":\"https:\/\/caleine.com\/politica-de-privacidade\/#breadcrumb\",\"itemListElement\":[{\"@type\":\"ListItem\",\"position\":1,\"name\":\"In\u00edcio\",\"item\":\"https:\/\/caleine.com\/\"},{\"@type\":\"ListItem\",\"position\":2,\"name\":\"Pol\u00edtica de Privacidade\"}]},{\"@type\":\"WebSite\",\"@id\":\"https:\/\/caleine.com\/#website\",\"url\":\"https:\/\/caleine.com\/\",\"name\":\"\",\"description\":\"Caleine\",\"potentialAction\":[{\"@type\":\"SearchAction\",\"target\":{\"@type\":\"EntryPoint\",\"urlTemplate\":\"https:\/\/caleine.com\/?s={search_term_string}\"},\"query-input\":{\"@type\":\"PropertyValueSpecification\",\"valueRequired\":true,\"valueName\":\"search_term_string\"}}],\"inLanguage\":\"en-GB\"}]}<\/script>\n<!-- \/ Yoast SEO plugin. -->","yoast_head_json":{"title":"Pol\u00edtica de Privacidade -","robots":{"index":"index","follow":"follow","max-snippet":"max-snippet:-1","max-image-preview":"max-image-preview:large","max-video-preview":"max-video-preview:-1"},"canonical":"https:\/\/caleine.com\/en_gb\/politica-de-privacidade\/","og_locale":"en_GB","og_type":"article","og_title":"Pol\u00edtica de Privacidade -","og_description":"Pol\u00edtica Privacidade A sua privacidade \u00e9 importante para n\u00f3s. \u00c9 pol\u00edtica do Caleine respeitar a sua privacidade em rela\u00e7\u00e3o a qualquer informa\u00e7\u00e3o sua que possamos coletar no site Caleine, e outros sites que possu\u00edmos e operamos. Solicitamos informa\u00e7\u00f5es pessoais apenas quando realmente precisamos delas para lhe fornecer um servi\u00e7o. Fazemo-lo [&hellip;]","og_url":"https:\/\/caleine.com\/en_gb\/politica-de-privacidade\/","twitter_card":"summary_large_image","twitter_misc":{"Estimated reading time":"3 minutes"},"schema":{"@context":"https:\/\/schema.org","@graph":[{"@type":"WebPage","@id":"https:\/\/caleine.com\/politica-de-privacidade\/","url":"https:\/\/caleine.com\/politica-de-privacidade\/","name":"Pol\u00edtica de Privacidade -","isPartOf":{"@id":"https:\/\/caleine.com\/#website"},"datePublished":"2023-05-07T06:08:19+00:00","breadcrumb":{"@id":"https:\/\/caleine.com\/politica-de-privacidade\/#breadcrumb"},"inLanguage":"en-GB","potentialAction":[{"@type":"ReadAction","target":["https:\/\/caleine.com\/politica-de-privacidade\/"]}]},{"@type":"BreadcrumbList","@id":"https:\/\/caleine.com\/politica-de-privacidade\/#breadcrumb","itemListElement":[{"@type":"ListItem","position":1,"name":"In\u00edcio","item":"https:\/\/caleine.com\/"},{"@type":"ListItem","position":2,"name":"Pol\u00edtica de Privacidade"}]},{"@type":"WebSite","@id":"https:\/\/caleine.com\/#website","url":"https:\/\/caleine.com\/","name":"","description":"Caleine","potentialAction":[{"@type":"SearchAction","target":{"@type":"EntryPoint","urlTemplate":"https:\/\/caleine.com\/?s={search_term_string}"},"query-input":{"@type":"PropertyValueSpecification","valueRequired":true,"valueName":"search_term_string"}}],"inLanguage":"en-GB"}]}},"_links":{"self":[{"href":"https:\/\/caleine.com\/en_gb\/wp-json\/wp\/v2\/pages\/6","targetHints":{"allow":["GET"]}}],"collection":[{"href":"https:\/\/caleine.com\/en_gb\/wp-json\/wp\/v2\/pages"}],"about":[{"href":"https:\/\/caleine.com\/en_gb\/wp-json\/wp\/v2\/types\/page"}],"author":[{"embeddable":true,"href":"https:\/\/caleine.com\/en_gb\/wp-json\/wp\/v2\/users\/1"}],"replies":[{"embeddable":true,"href":"https:\/\/caleine.com\/en_gb\/wp-json\/wp\/v2\/comments?post=6"}],"version-history":[{"count":1,"href":"https:\/\/caleine.com\/en_gb\/wp-json\/wp\/v2\/pages\/6\/revisions"}],"predecessor-version":[{"id":9,"href":"https:\/\/caleine.com\/en_gb\/wp-json\/wp\/v2\/pages\/6\/revisions\/9"}],"wp:attachment":[{"href":"https:\/\/caleine.com\/en_gb\/wp-json\/wp\/v2\/media?parent=6"}],"curies":[{"name":"wp","href":"https:\/\/api.w.org\/{rel}","templated":true}]}}