{"id":98,"date":"2023-05-27T20:32:10","date_gmt":"2023-05-27T23:32:10","guid":{"rendered":"https:\/\/caleine.com\/?page_id=98"},"modified":"2023-05-27T20:33:55","modified_gmt":"2023-05-27T23:33:55","slug":"pagina-principal","status":"publish","type":"page","link":"https:\/\/caleine.com\/fi\/","title":{"rendered":"P\u00e4\u00e4sivu"},"content":{"rendered":"<p>Tervetuloa sivuillemme! T\u00e4\u00e4ll\u00e4 olemme omistautuneet tuomaan k\u00e4ytt\u00e4jillemme mielenkiintoisimmat uutiset <strong>uteliaisuutta ja sovelluksia.<\/strong><\/p>\n<p><img fetchpriority=\"high\" decoding=\"async\" src=\"https:\/\/caleine.com\/wp-content\/uploads\/2023\/05\/Caleine-300x197.png\" alt=\"\" width=\"300\" height=\"197\" class=\"alignnone size-medium wp-image-76 aligncenter\" srcset=\"https:\/\/caleine.com\/wp-content\/uploads\/2023\/05\/Caleine-300x197.png 300w, https:\/\/caleine.com\/wp-content\/uploads\/2023\/05\/Caleine.png 517w\" sizes=\"(max-width: 300px) 100vw, 300px\" \/><\/p>\n<p>Pyrimme tarjoamaan alustan, joka voi olla hy\u00f6dyllinen sek\u00e4 viihdetietoa etsiville ett\u00e4 niille, jotka haluavat pysy\u00e4 ajan tasalla digitaalisen maailman uutisista.<\/p>\n<p>Teknologia- ja trivia-asiantuntijoidemme kanssa ty\u00f6skentelemme p\u00e4ivitt\u00e4in tarjotaksemme <strong>osuvaa ja luotettavaa sis\u00e4lt\u00f6\u00e4. <\/strong><\/p>\n<p>Uutisvalikoimamme on laadittu huolellisesti, jotta lukijamme saavat tarkat ja ajantasaiset tiedot.<\/p>\n<p>Verkkosivustoltamme l\u00f6yd\u00e4t uutisia ja artikkeleita eri aiheista historiallisista uteliaisuuksista markkinoiden uusimpiin ja suosituimpiin sovelluksiin.<\/p>\n<p>Lis\u00e4ksi lukijamme voivat my\u00f6s tutustua t\u00e4ydellisiin oppaisiin ja opetusohjelmiin n\u00e4iden ty\u00f6kalujen k\u00e4yt\u00f6st\u00e4 ja niiden ominaisuuksien hy\u00f6dynt\u00e4misest\u00e4.<\/p>\n<p>Ei ole v\u00e4li\u00e4 oletko kokenut k\u00e4ytt\u00e4j\u00e4 tai tekniikan maailmassa aloittelija, sivustoltamme l\u00f6ytyy jokaiselle jotakin.<\/p>\n<p>Saatavilla on laaja valikoima luokkia ja aiheita, joten l\u00f6yd\u00e4t helposti tarvitsemasi tiedot tehd\u00e4ksesi el\u00e4m\u00e4st\u00e4si helpompaa ja hauskempaa.<\/p>\n<p>Vierailemalla verkkosivuillamme s\u00e4\u00e4nn\u00f6llisesti pysyt ajan tasalla viimeisimmist\u00e4 trendeist\u00e4 ja uutisista mobiilisovelluksissa, peleiss\u00e4, vempaimissa ja uteliaisuuksissa.<\/p>\n<p>Sinulla on my\u00f6s mahdollisuus l\u00f6yt\u00e4\u00e4 uusia tapoja optimoida aikaasi ja lis\u00e4t\u00e4 tuottavuuttasi k\u00e4ytt\u00e4m\u00e4ll\u00e4 oikeita ty\u00f6kaluja.<\/p>\n<p>Lis\u00e4ksi verkkosivustomme on t\u00e4ysin ilmainen ja k\u00e4ytett\u00e4viss\u00e4 milloin ja miss\u00e4 tahansa. Sinun ei tarvitse rekister\u00f6ity\u00e4 tai maksaa p\u00e4\u00e4st\u00e4ksesi sis\u00e4lt\u00f6\u00f6n, mik\u00e4 tarkoittaa, ett\u00e4 voit nauttia kaikista tiedoistamme veloituksetta.<\/p>\n<p>Lyhyesti sanottuna sivustomme on luotettava ja kattava uutisten, uteliaisuuden ja sovellusten l\u00e4hde.<\/p>\n<p>Vierailemalla siell\u00e4 s\u00e4\u00e4nn\u00f6llisesti, saat arvokasta tietoa ja voit hy\u00f6dynt\u00e4\u00e4 mobiililaitteitasi ja tekniikkaasi yleens\u00e4.<\/p>\n<p>Joten \u00e4l\u00e4 tuhlaa enemp\u00e4\u00e4 aikaa ja aloita tutkimaan kaikkea, mit\u00e4 meill\u00e4 on tarjota juuri nyt!<\/p>","protected":false},"excerpt":{"rendered":"<p>Tervetuloa sivuillemme! T\u00e4\u00e4ll\u00e4 olemme omistautuneet tuomaan k\u00e4ytt\u00e4jillemme mielenkiintoisimmat uutiset uteliaisuuksista ja sovelluksista. Pyrimme tarjoamaan alustan, joka voi olla hy\u00f6dyllinen sek\u00e4 viihdetietoa etsiville ett\u00e4 niille, jotka haluavat pysy\u00e4 ajan tasalla viimeisimmist\u00e4 [\u2026]<\/p>","protected":false},"author":1,"featured_media":0,"parent":0,"menu_order":0,"comment_status":"closed","ping_status":"closed","template":"","meta":{"footnotes":""},"class_list":["post-98","page","type-page","status-publish","hentry"],"yoast_head":"<!-- This site is optimized with the Yoast SEO plugin v24.5 - https:\/\/yoast.com\/wordpress\/plugins\/seo\/ -->\n<title>P\u00e1gina Principal -<\/title>\n<meta name=\"robots\" content=\"index, follow, max-snippet:-1, max-image-preview:large, max-video-preview:-1\" \/>\n<link rel=\"canonical\" href=\"https:\/\/caleine.com\/fi\/\" \/>\n<meta property=\"og:locale\" content=\"fi_FI\" \/>\n<meta property=\"og:type\" content=\"article\" \/>\n<meta property=\"og:title\" content=\"P\u00e1gina Principal -\" \/>\n<meta property=\"og:description\" content=\"Bem-vindo ao nosso site! Aqui n\u00f3s nos dedicamos a trazer para nossos usu\u00e1rios as not\u00edcias mais interessantes sobre curiosidades e aplicativos. Temos como objetivo oferecer uma plataforma que possa ser \u00fatil tanto para aqueles que buscam informa\u00e7\u00f5es de entretenimento quanto para aqueles que procuram se manter atualizados com as novidades [&hellip;]\" \/>\n<meta property=\"og:url\" content=\"https:\/\/caleine.com\/fi\/\" \/>\n<meta property=\"article:modified_time\" content=\"2023-05-27T23:33:55+00:00\" \/>\n<meta property=\"og:image\" content=\"https:\/\/caleine.com\/wp-content\/uploads\/2023\/05\/Caleine-300x197.png\" \/>\n<meta name=\"twitter:card\" content=\"summary_large_image\" \/>\n<meta name=\"twitter:label1\" content=\"Arvioitu lukuaika\" \/>\n\t<meta name=\"twitter:data1\" content=\"2 minuuttia\" \/>\n<script type=\"application\/ld+json\" class=\"yoast-schema-graph\">{\"@context\":\"https:\/\/schema.org\",\"@graph\":[{\"@type\":\"WebPage\",\"@id\":\"https:\/\/caleine.com\/\",\"url\":\"https:\/\/caleine.com\/\",\"name\":\"P\u00e1gina Principal -\",\"isPartOf\":{\"@id\":\"https:\/\/caleine.com\/#website\"},\"primaryImageOfPage\":{\"@id\":\"https:\/\/caleine.com\/#primaryimage\"},\"image\":{\"@id\":\"https:\/\/caleine.com\/#primaryimage\"},\"thumbnailUrl\":\"https:\/\/caleine.com\/wp-content\/uploads\/2023\/05\/Caleine-300x197.png\",\"datePublished\":\"2023-05-27T23:32:10+00:00\",\"dateModified\":\"2023-05-27T23:33:55+00:00\",\"breadcrumb\":{\"@id\":\"https:\/\/caleine.com\/#breadcrumb\"},\"inLanguage\":\"fi\",\"potentialAction\":[{\"@type\":\"ReadAction\",\"target\":[\"https:\/\/caleine.com\/\"]}]},{\"@type\":\"ImageObject\",\"inLanguage\":\"fi\",\"@id\":\"https:\/\/caleine.com\/#primaryimage\",\"url\":\"https:\/\/caleine.com\/wp-content\/uploads\/2023\/05\/Caleine-300x197.png\",\"contentUrl\":\"https:\/\/caleine.com\/wp-content\/uploads\/2023\/05\/Caleine-300x197.png\"},{\"@type\":\"BreadcrumbList\",\"@id\":\"https:\/\/caleine.com\/#breadcrumb\",\"itemListElement\":[{\"@type\":\"ListItem\",\"position\":1,\"name\":\"In\u00edcio\",\"item\":\"https:\/\/caleine.com\/\"},{\"@type\":\"ListItem\",\"position\":2,\"name\":\"P\u00e1gina Principal\"}]},{\"@type\":\"WebSite\",\"@id\":\"https:\/\/caleine.com\/#website\",\"url\":\"https:\/\/caleine.com\/\",\"name\":\"\",\"description\":\"Caleine\",\"potentialAction\":[{\"@type\":\"SearchAction\",\"target\":{\"@type\":\"EntryPoint\",\"urlTemplate\":\"https:\/\/caleine.com\/?s={search_term_string}\"},\"query-input\":{\"@type\":\"PropertyValueSpecification\",\"valueRequired\":true,\"valueName\":\"search_term_string\"}}],\"inLanguage\":\"fi\"}]}<\/script>\n<!-- \/ Yoast SEO plugin. -->","yoast_head_json":{"title":"P\u00e1gina Principal -","robots":{"index":"index","follow":"follow","max-snippet":"max-snippet:-1","max-image-preview":"max-image-preview:large","max-video-preview":"max-video-preview:-1"},"canonical":"https:\/\/caleine.com\/fi\/","og_locale":"fi_FI","og_type":"article","og_title":"P\u00e1gina Principal -","og_description":"Bem-vindo ao nosso site! Aqui n\u00f3s nos dedicamos a trazer para nossos usu\u00e1rios as not\u00edcias mais interessantes sobre curiosidades e aplicativos. Temos como objetivo oferecer uma plataforma que possa ser \u00fatil tanto para aqueles que buscam informa\u00e7\u00f5es de entretenimento quanto para aqueles que procuram se manter atualizados com as novidades [&hellip;]","og_url":"https:\/\/caleine.com\/fi\/","article_modified_time":"2023-05-27T23:33:55+00:00","og_image":[{"url":"https:\/\/caleine.com\/wp-content\/uploads\/2023\/05\/Caleine-300x197.png","type":"","width":"","height":""}],"twitter_card":"summary_large_image","twitter_misc":{"Arvioitu lukuaika":"2 minuuttia"},"schema":{"@context":"https:\/\/schema.org","@graph":[{"@type":"WebPage","@id":"https:\/\/caleine.com\/","url":"https:\/\/caleine.com\/","name":"P\u00e1gina Principal -","isPartOf":{"@id":"https:\/\/caleine.com\/#website"},"primaryImageOfPage":{"@id":"https:\/\/caleine.com\/#primaryimage"},"image":{"@id":"https:\/\/caleine.com\/#primaryimage"},"thumbnailUrl":"https:\/\/caleine.com\/wp-content\/uploads\/2023\/05\/Caleine-300x197.png","datePublished":"2023-05-27T23:32:10+00:00","dateModified":"2023-05-27T23:33:55+00:00","breadcrumb":{"@id":"https:\/\/caleine.com\/#breadcrumb"},"inLanguage":"fi","potentialAction":[{"@type":"ReadAction","target":["https:\/\/caleine.com\/"]}]},{"@type":"ImageObject","inLanguage":"fi","@id":"https:\/\/caleine.com\/#primaryimage","url":"https:\/\/caleine.com\/wp-content\/uploads\/2023\/05\/Caleine-300x197.png","contentUrl":"https:\/\/caleine.com\/wp-content\/uploads\/2023\/05\/Caleine-300x197.png"},{"@type":"BreadcrumbList","@id":"https:\/\/caleine.com\/#breadcrumb","itemListElement":[{"@type":"ListItem","position":1,"name":"In\u00edcio","item":"https:\/\/caleine.com\/"},{"@type":"ListItem","position":2,"name":"P\u00e1gina Principal"}]},{"@type":"WebSite","@id":"https:\/\/caleine.com\/#website","url":"https:\/\/caleine.com\/","name":"","description":"Caleine","potentialAction":[{"@type":"SearchAction","target":{"@type":"EntryPoint","urlTemplate":"https:\/\/caleine.com\/?s={search_term_string}"},"query-input":{"@type":"PropertyValueSpecification","valueRequired":true,"valueName":"search_term_string"}}],"inLanguage":"fi"}]}},"_links":{"self":[{"href":"https:\/\/caleine.com\/fi\/wp-json\/wp\/v2\/pages\/98","targetHints":{"allow":["GET"]}}],"collection":[{"href":"https:\/\/caleine.com\/fi\/wp-json\/wp\/v2\/pages"}],"about":[{"href":"https:\/\/caleine.com\/fi\/wp-json\/wp\/v2\/types\/page"}],"author":[{"embeddable":true,"href":"https:\/\/caleine.com\/fi\/wp-json\/wp\/v2\/users\/1"}],"replies":[{"embeddable":true,"href":"https:\/\/caleine.com\/fi\/wp-json\/wp\/v2\/comments?post=98"}],"version-history":[{"count":2,"href":"https:\/\/caleine.com\/fi\/wp-json\/wp\/v2\/pages\/98\/revisions"}],"predecessor-version":[{"id":101,"href":"https:\/\/caleine.com\/fi\/wp-json\/wp\/v2\/pages\/98\/revisions\/101"}],"wp:attachment":[{"href":"https:\/\/caleine.com\/fi\/wp-json\/wp\/v2\/media?parent=98"}],"curies":[{"name":"wp","href":"https:\/\/api.w.org\/{rel}","templated":true}]}}