{"id":6,"date":"2023-05-07T03:08:19","date_gmt":"2023-05-07T06:08:19","guid":{"rendered":"https:\/\/caleine.com\/?page_id=6"},"modified":"2023-05-07T03:08:19","modified_gmt":"2023-05-07T06:08:19","slug":"politica-de-privacidade","status":"publish","type":"page","link":"https:\/\/caleine.com\/fr\/politica-de-privacidade\/","title":{"rendered":"politique de confidentialit\u00e9"},"content":{"rendered":"<h2><span style=\"color: #444444;\">politique de confidentialit\u00e9<\/span><\/h2>\n<p><span style=\"color: #444444;\">Votre vie priv\u00e9e est importante pour nous. La politique de Caleine est de respecter votre vie priv\u00e9e concernant toute information que nous pouvons recueillir aupr\u00e8s de vous sur le site Web. <a href=\"https:\/\/caleine.com\/fr\/\">caleine<\/a>, et d&#039;autres sites Web que nous poss\u00e9dons et exploitons.<\/span><\/p>\n<p><span style=\"color: #444444;\">Nous ne demandons des informations personnelles que lorsque nous en avons vraiment besoin pour vous fournir un service. Nous le faisons par des moyens justes et l\u00e9gaux, avec votre connaissance et votre consentement. Nous vous expliquons \u00e9galement pourquoi nous le collectons et comment il sera utilis\u00e9.<\/span><\/p>\n<p><span style=\"color: #444444;\">Nous ne conservons les informations collect\u00e9es que le temps n\u00e9cessaire pour fournir le service demand\u00e9. Lorsque nous stockons des donn\u00e9es, nous les prot\u00e9geons par des moyens commercialement acceptables pour pr\u00e9venir la perte et le vol, ainsi que l&#039;acc\u00e8s, la divulgation, la copie, l&#039;utilisation ou la modification non autoris\u00e9s.<\/span><\/p>\n<p><span style=\"color: #444444;\">Nous ne partageons pas d&#039;informations personnellement identifiables publiquement ou avec des tiers, sauf si la loi l&#039;exige.<\/span><\/p>\n<p><span style=\"color: #444444;\">Notre site Web peut contenir des liens vers des sites Web externes qui ne sont pas exploit\u00e9s par nous. Veuillez noter que nous n&#039;avons aucun contr\u00f4le sur le contenu et les pratiques de ces sites et ne pouvons accepter la responsabilit\u00e9 de leurs\u00a0<\/span><a href=\"https:\/\/politicaprivacidade.com\/\" rel=\"noopener noreferrer\" target=\"_blank\" style=\"background-color: transparent; color: #444444;\">Les politiques de confidentialit\u00e9<\/a><span style=\"color: #444444;\">.<\/span><\/p>\n<p><span style=\"color: #444444;\">Vous \u00eates libre de refuser notre demande d&#039;informations personnelles, sachant que nous ne pourrons peut-\u00eatre pas vous fournir certains des services que vous souhaitez.<\/span><\/p>\n<p><span style=\"color: #444444;\">Votre utilisation continue de notre site Web sera consid\u00e9r\u00e9e comme une acceptation de nos pratiques en mati\u00e8re de confidentialit\u00e9 et d&#039;informations personnelles. Si vous avez des questions sur la mani\u00e8re dont nous traitons les donn\u00e9es des utilisateurs et les informations personnelles, veuillez nous contacter.<\/span><\/p>\n<p><span style=\"color: #444444;\"><\/span><\/p>\n<ul>\n<li><span style=\"color: #444444;\">Le service Google AdSense que nous utilisons pour vous proposer des publicit\u00e9s utilise un cookie DoubleClick pour vous proposer des publicit\u00e9s plus pertinentes sur le Web et pour limiter le nombre de fois qu&#039;une publicit\u00e9 particuli\u00e8re vous est pr\u00e9sent\u00e9e.<\/span><\/li>\n<li><span style=\"color: #444444;\">Pour plus d&#039;informations sur AdSense, consultez la FAQ officielle sur la confidentialit\u00e9 d&#039;AdSense.<\/span><\/li>\n<li><span style=\"color: #444444;\">Nous utilisons des publicit\u00e9s pour compenser les co\u00fbts de fonctionnement de ce site et pour fournir un financement pour le d\u00e9veloppement futur. Les cookies de publicit\u00e9 comportementale utilis\u00e9s par ce site Web sont con\u00e7us pour garantir que nous vous fournissons les publicit\u00e9s les plus pertinentes dans la mesure du possible, en suivant de mani\u00e8re anonyme vos int\u00e9r\u00eats et en vous pr\u00e9sentant des choses similaires susceptibles de vous int\u00e9resser.<\/span><\/li>\n<li><span style=\"color: #444444;\">Divers partenaires font de la publicit\u00e9 en notre nom et les cookies de suivi des affili\u00e9s nous permettent simplement de voir si nos clients ont acc\u00e9d\u00e9 au site via l&#039;un de nos sites partenaires afin que nous puissions les cr\u00e9diter correctement et, le cas \u00e9ch\u00e9ant, permettre \u00e0 nos partenaires affili\u00e9s d&#039;offrir toute promotion qui peut vous fournir pour effectuer un achat.<\/span><\/li>\n<\/ul>\n<p>&nbsp;<\/p>\n<p>&nbsp;<\/p>\n<h3><span style=\"color: #444444;\">Engagement de l&#039;utilisateur<\/span><\/h3>\n<p><span style=\"color: #444444;\">L&#039;utilisateur s&#039;engage \u00e0 faire bon usage des contenus et informations que Caleine propose sur le site et \u00e0 caract\u00e8re \u00e9nonciatif, mais non limitatif :<\/span><\/p>\n<ul>\n<li><span style=\"color: #444444;\">A) Ne pas se livrer \u00e0 des activit\u00e9s ill\u00e9gales ou contraires \u00e0 la bonne foi et \u00e0 l&#039;ordre public\u00a0;<\/span><\/li>\n<li><span style=\"color: #444444;\">B) Ne pas diffuser de propagande ou de contenu \u00e0 caract\u00e8re raciste, x\u00e9nophobe, <\/span><span style=\"color: #212529;\"><a href=\"https:\/\/apostasonline.guru\/bet365-apostas\/\" style=\"color: inherit !important; text-decoration: none !important; font-size: inherit !important;\">bet365 br\u00e9sil<\/a><\/span><span style=\"color: #444444;\"> ou de malchance, tout type de pornographie ill\u00e9gale, en faveur du terrorisme ou contre les droits de l&#039;homme\u00a0;<\/span><\/li>\n<li><span style=\"color: #444444;\">C) Ne pas endommager les syst\u00e8mes physiques (mat\u00e9riels) et logiques (logiciels) de Caleine, de ses fournisseurs ou de tiers, introduire ou diffuser des virus informatiques ou tout autre syst\u00e8me mat\u00e9riel ou logiciel susceptible de causer les dommages mentionn\u00e9s ci-dessus.<\/span><\/li>\n<\/ul>\n<h3><span style=\"color: #444444;\">Plus d&#039;information<\/span><\/h3>\n<p><span style=\"color: #444444;\">J&#039;esp\u00e8re que cela est clarifi\u00e9, et comme mentionn\u00e9 pr\u00e9c\u00e9demment, s&#039;il y a quelque chose dont vous n&#039;\u00eates pas s\u00fbr d&#039;avoir besoin ou non, il est g\u00e9n\u00e9ralement plus s\u00fbr de laisser les cookies activ\u00e9s si vous interagissez avec l&#039;une des fonctionnalit\u00e9s que vous utilisez sur notre site Web.<\/span><\/p>\n<p><span style=\"color: #444444;\">Cette politique est effective \u00e0 partir du 7 mai 2023 06:07<\/span><\/p>","protected":false},"excerpt":{"rendered":"<p>Pol\u00edtica Privacidade A sua privacidade \u00e9 importante para n\u00f3s. \u00c9 pol\u00edtica do Caleine respeitar a sua privacidade em rela\u00e7\u00e3o a qualquer informa\u00e7\u00e3o sua que possamos coletar no site Caleine, e outros sites que possu\u00edmos e operamos. Solicitamos informa\u00e7\u00f5es pessoais apenas quando realmente precisamos delas para lhe fornecer um servi\u00e7o. Fazemo-lo [&hellip;]<\/p>","protected":false},"author":1,"featured_media":0,"parent":0,"menu_order":0,"comment_status":"closed","ping_status":"closed","template":"","meta":{"footnotes":""},"class_list":["post-6","page","type-page","status-publish","hentry"],"yoast_head":"<!-- This site is optimized with the Yoast SEO plugin v24.5 - https:\/\/yoast.com\/wordpress\/plugins\/seo\/ -->\n<title>Pol\u00edtica de Privacidade -<\/title>\n<meta name=\"robots\" content=\"index, follow, max-snippet:-1, max-image-preview:large, max-video-preview:-1\" \/>\n<link rel=\"canonical\" href=\"https:\/\/caleine.com\/fr\/politica-de-privacidade\/\" \/>\n<meta property=\"og:locale\" content=\"fr_FR\" \/>\n<meta property=\"og:type\" content=\"article\" \/>\n<meta property=\"og:title\" content=\"Pol\u00edtica de Privacidade -\" \/>\n<meta property=\"og:description\" content=\"Pol\u00edtica Privacidade A sua privacidade \u00e9 importante para n\u00f3s. \u00c9 pol\u00edtica do Caleine respeitar a sua privacidade em rela\u00e7\u00e3o a qualquer informa\u00e7\u00e3o sua que possamos coletar no site Caleine, e outros sites que possu\u00edmos e operamos. Solicitamos informa\u00e7\u00f5es pessoais apenas quando realmente precisamos delas para lhe fornecer um servi\u00e7o. Fazemo-lo [&hellip;]\" \/>\n<meta property=\"og:url\" content=\"https:\/\/caleine.com\/fr\/politica-de-privacidade\/\" \/>\n<meta name=\"twitter:card\" content=\"summary_large_image\" \/>\n<meta name=\"twitter:label1\" content=\"Dur\u00e9e de lecture estim\u00e9e\" \/>\n\t<meta name=\"twitter:data1\" content=\"3 minutes\" \/>\n<script type=\"application\/ld+json\" class=\"yoast-schema-graph\">{\"@context\":\"https:\/\/schema.org\",\"@graph\":[{\"@type\":\"WebPage\",\"@id\":\"https:\/\/caleine.com\/politica-de-privacidade\/\",\"url\":\"https:\/\/caleine.com\/politica-de-privacidade\/\",\"name\":\"Pol\u00edtica de Privacidade -\",\"isPartOf\":{\"@id\":\"https:\/\/caleine.com\/#website\"},\"datePublished\":\"2023-05-07T06:08:19+00:00\",\"breadcrumb\":{\"@id\":\"https:\/\/caleine.com\/politica-de-privacidade\/#breadcrumb\"},\"inLanguage\":\"fr-FR\",\"potentialAction\":[{\"@type\":\"ReadAction\",\"target\":[\"https:\/\/caleine.com\/politica-de-privacidade\/\"]}]},{\"@type\":\"BreadcrumbList\",\"@id\":\"https:\/\/caleine.com\/politica-de-privacidade\/#breadcrumb\",\"itemListElement\":[{\"@type\":\"ListItem\",\"position\":1,\"name\":\"In\u00edcio\",\"item\":\"https:\/\/caleine.com\/\"},{\"@type\":\"ListItem\",\"position\":2,\"name\":\"Pol\u00edtica de Privacidade\"}]},{\"@type\":\"WebSite\",\"@id\":\"https:\/\/caleine.com\/#website\",\"url\":\"https:\/\/caleine.com\/\",\"name\":\"\",\"description\":\"Caleine\",\"potentialAction\":[{\"@type\":\"SearchAction\",\"target\":{\"@type\":\"EntryPoint\",\"urlTemplate\":\"https:\/\/caleine.com\/?s={search_term_string}\"},\"query-input\":{\"@type\":\"PropertyValueSpecification\",\"valueRequired\":true,\"valueName\":\"search_term_string\"}}],\"inLanguage\":\"fr-FR\"}]}<\/script>\n<!-- \/ Yoast SEO plugin. -->","yoast_head_json":{"title":"Pol\u00edtica de Privacidade -","robots":{"index":"index","follow":"follow","max-snippet":"max-snippet:-1","max-image-preview":"max-image-preview:large","max-video-preview":"max-video-preview:-1"},"canonical":"https:\/\/caleine.com\/fr\/politica-de-privacidade\/","og_locale":"fr_FR","og_type":"article","og_title":"Pol\u00edtica de Privacidade -","og_description":"Pol\u00edtica Privacidade A sua privacidade \u00e9 importante para n\u00f3s. \u00c9 pol\u00edtica do Caleine respeitar a sua privacidade em rela\u00e7\u00e3o a qualquer informa\u00e7\u00e3o sua que possamos coletar no site Caleine, e outros sites que possu\u00edmos e operamos. Solicitamos informa\u00e7\u00f5es pessoais apenas quando realmente precisamos delas para lhe fornecer um servi\u00e7o. Fazemo-lo [&hellip;]","og_url":"https:\/\/caleine.com\/fr\/politica-de-privacidade\/","twitter_card":"summary_large_image","twitter_misc":{"Dur\u00e9e de lecture estim\u00e9e":"3 minutes"},"schema":{"@context":"https:\/\/schema.org","@graph":[{"@type":"WebPage","@id":"https:\/\/caleine.com\/politica-de-privacidade\/","url":"https:\/\/caleine.com\/politica-de-privacidade\/","name":"Pol\u00edtica de Privacidade -","isPartOf":{"@id":"https:\/\/caleine.com\/#website"},"datePublished":"2023-05-07T06:08:19+00:00","breadcrumb":{"@id":"https:\/\/caleine.com\/politica-de-privacidade\/#breadcrumb"},"inLanguage":"fr-FR","potentialAction":[{"@type":"ReadAction","target":["https:\/\/caleine.com\/politica-de-privacidade\/"]}]},{"@type":"BreadcrumbList","@id":"https:\/\/caleine.com\/politica-de-privacidade\/#breadcrumb","itemListElement":[{"@type":"ListItem","position":1,"name":"In\u00edcio","item":"https:\/\/caleine.com\/"},{"@type":"ListItem","position":2,"name":"Pol\u00edtica de Privacidade"}]},{"@type":"WebSite","@id":"https:\/\/caleine.com\/#website","url":"https:\/\/caleine.com\/","name":"","description":"Caleine","potentialAction":[{"@type":"SearchAction","target":{"@type":"EntryPoint","urlTemplate":"https:\/\/caleine.com\/?s={search_term_string}"},"query-input":{"@type":"PropertyValueSpecification","valueRequired":true,"valueName":"search_term_string"}}],"inLanguage":"fr-FR"}]}},"_links":{"self":[{"href":"https:\/\/caleine.com\/fr\/wp-json\/wp\/v2\/pages\/6","targetHints":{"allow":["GET"]}}],"collection":[{"href":"https:\/\/caleine.com\/fr\/wp-json\/wp\/v2\/pages"}],"about":[{"href":"https:\/\/caleine.com\/fr\/wp-json\/wp\/v2\/types\/page"}],"author":[{"embeddable":true,"href":"https:\/\/caleine.com\/fr\/wp-json\/wp\/v2\/users\/1"}],"replies":[{"embeddable":true,"href":"https:\/\/caleine.com\/fr\/wp-json\/wp\/v2\/comments?post=6"}],"version-history":[{"count":1,"href":"https:\/\/caleine.com\/fr\/wp-json\/wp\/v2\/pages\/6\/revisions"}],"predecessor-version":[{"id":9,"href":"https:\/\/caleine.com\/fr\/wp-json\/wp\/v2\/pages\/6\/revisions\/9"}],"wp:attachment":[{"href":"https:\/\/caleine.com\/fr\/wp-json\/wp\/v2\/media?parent=6"}],"curies":[{"name":"wp","href":"https:\/\/api.w.org\/{rel}","templated":true}]}}