{"id":98,"date":"2023-05-27T20:32:10","date_gmt":"2023-05-27T23:32:10","guid":{"rendered":"https:\/\/caleine.com\/?page_id=98"},"modified":"2023-05-27T20:33:55","modified_gmt":"2023-05-27T23:33:55","slug":"pagina-principal","status":"publish","type":"page","link":"https:\/\/caleine.com\/hu\/","title":{"rendered":"F\u0151oldal"},"content":{"rendered":"<p>\u00dcdv\u00f6z\u00f6lj\u00fck weboldalunkon! Itt arra t\u00f6reksz\u00fcnk, hogy a leg\u00e9rdekesebb h\u00edreket k\u00f6z\u00f6lj\u00fck felhaszn\u00e1l\u00f3inkkal <strong>\u00e9rdekess\u00e9gek \u00e9s alkalmaz\u00e1sok.<\/strong><\/p>\n<p><img fetchpriority=\"high\" decoding=\"async\" src=\"https:\/\/caleine.com\/wp-content\/uploads\/2023\/05\/Caleine-300x197.png\" alt=\"\" width=\"300\" height=\"197\" class=\"alignnone size-medium wp-image-76 aligncenter\" srcset=\"https:\/\/caleine.com\/wp-content\/uploads\/2023\/05\/Caleine-300x197.png 300w, https:\/\/caleine.com\/wp-content\/uploads\/2023\/05\/Caleine.png 517w\" sizes=\"(max-width: 300px) 100vw, 300px\" \/><\/p>\n<p>C\u00e9lunk, hogy egy olyan platformot k\u00edn\u00e1ljunk, amely mind a sz\u00f3rakoztat\u00f3 inform\u00e1ci\u00f3kra v\u00e1gy\u00f3k, mind a digit\u00e1lis vil\u00e1g h\u00edreivel naprak\u00e9szen t\u00e1j\u00e9koz\u00f3d\u00f3k sz\u00e1m\u00e1ra hasznos lehet.<\/p>\n<p>Technol\u00f3giai \u00e9s trivi\u00e1lis szak\u00e9rt\u0151inkb\u0151l \u00e1ll\u00f3 csapatunkkal naponta azon dolgozunk, hogy biztos\u00edtsuk <strong>relev\u00e1ns \u00e9s megb\u00edzhat\u00f3 tartalom. <\/strong><\/p>\n<p>H\u00edrk\u00edn\u00e1latunkat gondosan \u00fagy alak\u00edtottuk ki, hogy olvas\u00f3ink pontos \u00e9s naprak\u00e9sz inform\u00e1ci\u00f3khoz f\u00e9rhessenek hozz\u00e1.<\/p>\n<p>Weboldalunkon k\u00fcl\u00f6nf\u00e9le t\u00e9m\u00e1j\u00fa h\u00edreket \u00e9s cikkeket tal\u00e1lhat, a t\u00f6rt\u00e9nelmi \u00e9rdekess\u00e9gekt\u0151l a leg\u00fajabb \u00e9s legn\u00e9pszer\u0171bb alkalmaz\u00e1sokig a piacon.<\/p>\n<p>Ezen k\u00edv\u00fcl olvas\u00f3ink teljes \u00fatmutat\u00f3kat \u00e9s oktat\u00f3anyagokat is megtekinthetnek ezen eszk\u00f6z\u00f6k haszn\u00e1lat\u00e1r\u00f3l \u00e9s funkci\u00f3ik maxim\u00e1lis kihaszn\u00e1l\u00e1s\u00e1r\u00f3l.<\/p>\n<p>Nem sz\u00e1m\u00edt, hogy \u00d6n tapasztalt felhaszn\u00e1l\u00f3 vagy \u00fajonc a technol\u00f3gia vil\u00e1g\u00e1ban, oldalunkon mindenki tal\u00e1l valamit.<\/p>\n<p>A kateg\u00f3ri\u00e1k \u00e9s t\u00e9m\u00e1k sz\u00e9les v\u00e1laszt\u00e9k\u00e1val k\u00f6nnyed\u00e9n megtal\u00e1lhatja azokat az inform\u00e1ci\u00f3kat, amelyekre sz\u00fcks\u00e9ge van ahhoz, hogy \u00e9let\u00e9t k\u00f6nnyebb\u00e9 \u00e9s sz\u00f3rakoztat\u00f3bb\u00e1 tegye.<\/p>\n<p>Ha rendszeresen felkeresi oldalunkat, naprak\u00e9sz marad a mobilalkalmaz\u00e1sok, j\u00e1t\u00e9kok, k\u00fcty\u00fck \u00e9s \u00e9rdekess\u00e9gek leg\u00fajabb trendjeivel \u00e9s h\u00edreivel.<\/p>\n<p>Lehet\u0151s\u00e9ge lesz arra is, hogy \u00faj m\u00f3dszereket fedezzen fel az id\u0151 optimaliz\u00e1l\u00e1s\u00e1ra \u00e9s a termel\u00e9kenys\u00e9g n\u00f6vel\u00e9s\u00e9re a megfelel\u0151 eszk\u00f6z\u00f6k haszn\u00e1lat\u00e1val.<\/p>\n<p>Tov\u00e1bb\u00e1 weboldalunk teljesen ingyenes \u00e9s b\u00e1rmikor, b\u00e1rhonnan el\u00e9rhet\u0151. Nincs sz\u00fcks\u00e9g regisztr\u00e1ci\u00f3ra vagy fizet\u00e9sre a tartalom el\u00e9r\u00e9s\u00e9hez, ami azt jelenti, hogy minden inform\u00e1ci\u00f3nkat ingyenesen \u00e9lvezheti.<\/p>\n<p>R\u00f6viden, oldalunk megb\u00edzhat\u00f3 \u00e9s \u00e1tfog\u00f3 h\u00edrforr\u00e1s, \u00e9rdekess\u00e9g \u00e9s alkalmaz\u00e1sok.<\/p>\n<p>Rendszeres l\u00e1togat\u00e1s\u00e1val \u00e9rt\u00e9kes inform\u00e1ci\u00f3khoz juthat hozz\u00e1, \u00e9s \u00e1ltal\u00e1ban v\u00e9ve a legt\u00f6bbet hozhatja ki mobileszk\u00f6zeib\u0151l \u00e9s technol\u00f3gi\u00e1ib\u00f3l.<\/p>\n<p>Teh\u00e1t ne vesztegessen t\u00f6bb id\u0151t, \u00e9s kezdje el felfedezni mindazt, amit most k\u00edn\u00e1lunk!<\/p>","protected":false},"excerpt":{"rendered":"<p>Bem-vindo ao nosso site! Aqui n\u00f3s nos dedicamos a trazer para nossos usu\u00e1rios as not\u00edcias mais interessantes sobre curiosidades e aplicativos. Temos como objetivo oferecer uma plataforma que possa ser \u00fatil tanto para aqueles que buscam informa\u00e7\u00f5es de entretenimento quanto para aqueles que procuram se manter atualizados com as novidades [&hellip;]<\/p>","protected":false},"author":1,"featured_media":0,"parent":0,"menu_order":0,"comment_status":"closed","ping_status":"closed","template":"","meta":{"footnotes":""},"class_list":["post-98","page","type-page","status-publish","hentry"],"yoast_head":"<!-- This site is optimized with the Yoast SEO plugin v24.5 - https:\/\/yoast.com\/wordpress\/plugins\/seo\/ -->\n<title>P\u00e1gina Principal -<\/title>\n<meta name=\"robots\" content=\"index, follow, max-snippet:-1, max-image-preview:large, max-video-preview:-1\" \/>\n<link rel=\"canonical\" href=\"https:\/\/caleine.com\/hu\/\" \/>\n<meta property=\"og:locale\" content=\"hu_HU\" \/>\n<meta property=\"og:type\" content=\"article\" \/>\n<meta property=\"og:title\" content=\"P\u00e1gina Principal -\" \/>\n<meta property=\"og:description\" content=\"Bem-vindo ao nosso site! Aqui n\u00f3s nos dedicamos a trazer para nossos usu\u00e1rios as not\u00edcias mais interessantes sobre curiosidades e aplicativos. Temos como objetivo oferecer uma plataforma que possa ser \u00fatil tanto para aqueles que buscam informa\u00e7\u00f5es de entretenimento quanto para aqueles que procuram se manter atualizados com as novidades [&hellip;]\" \/>\n<meta property=\"og:url\" content=\"https:\/\/caleine.com\/hu\/\" \/>\n<meta property=\"article:modified_time\" content=\"2023-05-27T23:33:55+00:00\" \/>\n<meta property=\"og:image\" content=\"https:\/\/caleine.com\/wp-content\/uploads\/2023\/05\/Caleine-300x197.png\" \/>\n<meta name=\"twitter:card\" content=\"summary_large_image\" \/>\n<meta name=\"twitter:label1\" content=\"Becs\u00fclt olvas\u00e1si id\u0151\" \/>\n\t<meta name=\"twitter:data1\" content=\"2 perc\" \/>\n<script type=\"application\/ld+json\" class=\"yoast-schema-graph\">{\"@context\":\"https:\/\/schema.org\",\"@graph\":[{\"@type\":\"WebPage\",\"@id\":\"https:\/\/caleine.com\/\",\"url\":\"https:\/\/caleine.com\/\",\"name\":\"P\u00e1gina Principal -\",\"isPartOf\":{\"@id\":\"https:\/\/caleine.com\/#website\"},\"primaryImageOfPage\":{\"@id\":\"https:\/\/caleine.com\/#primaryimage\"},\"image\":{\"@id\":\"https:\/\/caleine.com\/#primaryimage\"},\"thumbnailUrl\":\"https:\/\/caleine.com\/wp-content\/uploads\/2023\/05\/Caleine-300x197.png\",\"datePublished\":\"2023-05-27T23:32:10+00:00\",\"dateModified\":\"2023-05-27T23:33:55+00:00\",\"breadcrumb\":{\"@id\":\"https:\/\/caleine.com\/#breadcrumb\"},\"inLanguage\":\"hu\",\"potentialAction\":[{\"@type\":\"ReadAction\",\"target\":[\"https:\/\/caleine.com\/\"]}]},{\"@type\":\"ImageObject\",\"inLanguage\":\"hu\",\"@id\":\"https:\/\/caleine.com\/#primaryimage\",\"url\":\"https:\/\/caleine.com\/wp-content\/uploads\/2023\/05\/Caleine-300x197.png\",\"contentUrl\":\"https:\/\/caleine.com\/wp-content\/uploads\/2023\/05\/Caleine-300x197.png\"},{\"@type\":\"BreadcrumbList\",\"@id\":\"https:\/\/caleine.com\/#breadcrumb\",\"itemListElement\":[{\"@type\":\"ListItem\",\"position\":1,\"name\":\"In\u00edcio\",\"item\":\"https:\/\/caleine.com\/\"},{\"@type\":\"ListItem\",\"position\":2,\"name\":\"P\u00e1gina Principal\"}]},{\"@type\":\"WebSite\",\"@id\":\"https:\/\/caleine.com\/#website\",\"url\":\"https:\/\/caleine.com\/\",\"name\":\"\",\"description\":\"Caleine\",\"potentialAction\":[{\"@type\":\"SearchAction\",\"target\":{\"@type\":\"EntryPoint\",\"urlTemplate\":\"https:\/\/caleine.com\/?s={search_term_string}\"},\"query-input\":{\"@type\":\"PropertyValueSpecification\",\"valueRequired\":true,\"valueName\":\"search_term_string\"}}],\"inLanguage\":\"hu\"}]}<\/script>\n<!-- \/ Yoast SEO plugin. -->","yoast_head_json":{"title":"P\u00e1gina Principal -","robots":{"index":"index","follow":"follow","max-snippet":"max-snippet:-1","max-image-preview":"max-image-preview:large","max-video-preview":"max-video-preview:-1"},"canonical":"https:\/\/caleine.com\/hu\/","og_locale":"hu_HU","og_type":"article","og_title":"P\u00e1gina Principal -","og_description":"Bem-vindo ao nosso site! Aqui n\u00f3s nos dedicamos a trazer para nossos usu\u00e1rios as not\u00edcias mais interessantes sobre curiosidades e aplicativos. Temos como objetivo oferecer uma plataforma que possa ser \u00fatil tanto para aqueles que buscam informa\u00e7\u00f5es de entretenimento quanto para aqueles que procuram se manter atualizados com as novidades [&hellip;]","og_url":"https:\/\/caleine.com\/hu\/","article_modified_time":"2023-05-27T23:33:55+00:00","og_image":[{"url":"https:\/\/caleine.com\/wp-content\/uploads\/2023\/05\/Caleine-300x197.png","type":"","width":"","height":""}],"twitter_card":"summary_large_image","twitter_misc":{"Becs\u00fclt olvas\u00e1si id\u0151":"2 perc"},"schema":{"@context":"https:\/\/schema.org","@graph":[{"@type":"WebPage","@id":"https:\/\/caleine.com\/","url":"https:\/\/caleine.com\/","name":"P\u00e1gina Principal -","isPartOf":{"@id":"https:\/\/caleine.com\/#website"},"primaryImageOfPage":{"@id":"https:\/\/caleine.com\/#primaryimage"},"image":{"@id":"https:\/\/caleine.com\/#primaryimage"},"thumbnailUrl":"https:\/\/caleine.com\/wp-content\/uploads\/2023\/05\/Caleine-300x197.png","datePublished":"2023-05-27T23:32:10+00:00","dateModified":"2023-05-27T23:33:55+00:00","breadcrumb":{"@id":"https:\/\/caleine.com\/#breadcrumb"},"inLanguage":"hu","potentialAction":[{"@type":"ReadAction","target":["https:\/\/caleine.com\/"]}]},{"@type":"ImageObject","inLanguage":"hu","@id":"https:\/\/caleine.com\/#primaryimage","url":"https:\/\/caleine.com\/wp-content\/uploads\/2023\/05\/Caleine-300x197.png","contentUrl":"https:\/\/caleine.com\/wp-content\/uploads\/2023\/05\/Caleine-300x197.png"},{"@type":"BreadcrumbList","@id":"https:\/\/caleine.com\/#breadcrumb","itemListElement":[{"@type":"ListItem","position":1,"name":"In\u00edcio","item":"https:\/\/caleine.com\/"},{"@type":"ListItem","position":2,"name":"P\u00e1gina Principal"}]},{"@type":"WebSite","@id":"https:\/\/caleine.com\/#website","url":"https:\/\/caleine.com\/","name":"","description":"Caleine","potentialAction":[{"@type":"SearchAction","target":{"@type":"EntryPoint","urlTemplate":"https:\/\/caleine.com\/?s={search_term_string}"},"query-input":{"@type":"PropertyValueSpecification","valueRequired":true,"valueName":"search_term_string"}}],"inLanguage":"hu"}]}},"_links":{"self":[{"href":"https:\/\/caleine.com\/hu\/wp-json\/wp\/v2\/pages\/98","targetHints":{"allow":["GET"]}}],"collection":[{"href":"https:\/\/caleine.com\/hu\/wp-json\/wp\/v2\/pages"}],"about":[{"href":"https:\/\/caleine.com\/hu\/wp-json\/wp\/v2\/types\/page"}],"author":[{"embeddable":true,"href":"https:\/\/caleine.com\/hu\/wp-json\/wp\/v2\/users\/1"}],"replies":[{"embeddable":true,"href":"https:\/\/caleine.com\/hu\/wp-json\/wp\/v2\/comments?post=98"}],"version-history":[{"count":2,"href":"https:\/\/caleine.com\/hu\/wp-json\/wp\/v2\/pages\/98\/revisions"}],"predecessor-version":[{"id":101,"href":"https:\/\/caleine.com\/hu\/wp-json\/wp\/v2\/pages\/98\/revisions\/101"}],"wp:attachment":[{"href":"https:\/\/caleine.com\/hu\/wp-json\/wp\/v2\/media?parent=98"}],"curies":[{"name":"wp","href":"https:\/\/api.w.org\/{rel}","templated":true}]}}