{"id":98,"date":"2023-05-27T20:32:10","date_gmt":"2023-05-27T23:32:10","guid":{"rendered":"https:\/\/caleine.com\/?page_id=98"},"modified":"2023-05-27T20:33:55","modified_gmt":"2023-05-27T23:33:55","slug":"pagina-principal","status":"publish","type":"page","link":"https:\/\/caleine.com\/ko\/","title":{"rendered":"\uba54\uc778 \ud398\uc774\uc9c0"},"content":{"rendered":"<p>\uc800\ud76c \uc6f9\uc0ac\uc774\ud2b8\uc5d0 \uc624\uc2e0 \uac83\uc744 \ud658\uc601\ud569\ub2c8\ub2e4! \uc5ec\uae30\uc5d0\uc11c \uc6b0\ub9ac\ub294 \uc0ac\uc6a9\uc790\uc5d0\uac8c \uac00\uc7a5 \ud765\ubbf8\ub85c\uc6b4 \ub274\uc2a4\ub97c \uc81c\uacf5\ud558\uae30 \uc704\ud574 \ucd5c\uc120\uc744 \ub2e4\ud558\uace0 \uc788\uc2b5\ub2c8\ub2e4. <strong>\ud638\uae30\uc2ec\uacfc \uc751\uc6a9.<\/strong><\/p>\n<p><img fetchpriority=\"high\" decoding=\"async\" src=\"https:\/\/caleine.com\/wp-content\/uploads\/2023\/05\/Caleine-300x197.png\" alt=\"\" width=\"300\" height=\"197\" class=\"alignnone size-medium wp-image-76 aligncenter\" srcset=\"https:\/\/caleine.com\/wp-content\/uploads\/2023\/05\/Caleine-300x197.png 300w, https:\/\/caleine.com\/wp-content\/uploads\/2023\/05\/Caleine.png 517w\" sizes=\"(max-width: 300px) 100vw, 300px\" \/><\/p>\n<p>\uc6b0\ub9ac\ub294 \uc5d4\ud130\ud14c\uc778\uba3c\ud2b8 \uc815\ubcf4\ub97c \ucc3e\ub294 \uc0ac\ub78c\ub4e4\uacfc \ub514\uc9c0\ud138 \uc138\uacc4\uc5d0\uc11c \ub274\uc2a4\ub97c \ucd5c\uc2e0 \uc0c1\ud0dc\ub85c \uc720\uc9c0\ud558\ub824\ub294 \uc0ac\ub78c\ub4e4 \ubaa8\ub450\uc5d0\uac8c \uc720\uc6a9\ud55c \ud50c\ub7ab\ud3fc\uc744 \uc81c\uacf5\ud558\ub294 \uac83\uc744 \ubaa9\ud45c\ub85c \ud569\ub2c8\ub2e4.<\/p>\n<p>\uae30\uc220 \ubc0f \ud034\uc988 \uc804\ubb38\uac00 \ud300\uacfc \ud568\uaed8 \ub9e4\uc77c \uc77c\ud558\uba70 <strong>\uad00\ub828\uc131 \uc788\uace0 \uc2e0\ub8b0\ud560 \uc218 \uc788\ub294 \ucf58\ud150\uce20. <\/strong><\/p>\n<p>\uc6b0\ub9ac\uc758 \ub274\uc2a4 \uc140\ub809\uc158\uc740 \ub3c5\uc790\ub4e4\uc774 \uc815\ud655\ud55c \ucd5c\uc2e0 \uc815\ubcf4\uc5d0 \uc561\uc138\uc2a4\ud560 \uc218 \uc788\ub3c4\ub85d \uc138\uc2ec\ud558\uac8c \uc81c\uc791\ub418\uc5c8\uc2b5\ub2c8\ub2e4.<\/p>\n<p>\uc800\ud76c \uc6f9\uc0ac\uc774\ud2b8\uc5d0\uc11c \uc5ed\uc0ac\uc801\uc778 \ud638\uae30\uc2ec\ubd80\ud130 \uc2dc\uc7a5\uc5d0\uc11c \uac00\uc7a5 \uc778\uae30 \uc788\ub294 \ucd5c\uc2e0 \uc571\uc5d0 \uc774\ub974\uae30\uae4c\uc9c0 \ub2e4\uc591\ud55c \uc8fc\uc81c\uc5d0 \ub300\ud55c \ub274\uc2a4\uc640 \uae30\uc0ac\ub97c \ucc3e\uc744 \uc218 \uc788\uc2b5\ub2c8\ub2e4.<\/p>\n<p>\ub610\ud55c \ub3c5\uc790\ub294 \uc774\ub7ec\ud55c \ub3c4\uad6c\ub97c \uc0ac\uc6a9\ud558\uace0 \uae30\ub2a5\uc744 \ucd5c\ub300\ud55c \ud65c\uc6a9\ud558\ub294 \ubc29\ubc95\uc5d0 \ub300\ud55c \uc804\uccb4 \uac00\uc774\ub4dc \ubc0f \uc790\uc2b5\uc11c\ub97c \ud655\uc778\ud560 \uc218\ub3c4 \uc788\uc2b5\ub2c8\ub2e4.<\/p>\n<p>\uc219\ub828\ub41c \uc0ac\uc6a9\uc790\uc774\ub4e0 \uae30\uc220 \uc138\uacc4\uc758 \ucd08\ubcf4\uc790\uc774\ub4e0 \uc0c1\uad00\uc5c6\uc774 \ub2f9\uc0ac \uc0ac\uc774\ud2b8\uc5d0\ub294 \ubaa8\ub450\ub97c \uc704\ud55c \ubb34\uc5b8\uac00\uac00 \uc788\uc2b5\ub2c8\ub2e4.<\/p>\n<p>\uc0ac\uc6a9 \uac00\ub2a5\ud55c \ub2e4\uc591\ud55c \ubc94\uc8fc\uc640 \uc8fc\uc81c\ub97c \ud1b5\ud574 \uc0b6\uc744 \ub354 \uc27d\uace0 \uc7ac\ubbf8\uc788\uac8c \ub9cc\ub4dc\ub294 \ub370 \ud544\uc694\ud55c \uc815\ubcf4\ub97c \uc27d\uac8c \ucc3e\uc744 \uc218 \uc788\uc2b5\ub2c8\ub2e4.<\/p>\n<p>\ub2f9\uc0ac \uc0ac\uc774\ud2b8\ub97c \uc815\uae30\uc801\uc73c\ub85c \ubc29\ubb38\ud558\uba74 \ubaa8\ubc14\uc77c \uc571, \uac8c\uc784, \uac00\uc81c\ud2b8 \ubc0f \ud638\uae30\uc2ec\uc5d0 \ub300\ud55c \ucd5c\uc2e0 \ud2b8\ub80c\ub4dc\uc640 \ub274\uc2a4\ub97c \ud655\uc778\ud560 \uc218 \uc788\uc2b5\ub2c8\ub2e4.<\/p>\n<p>\ub610\ud55c \uc62c\ubc14\ub978 \ub3c4\uad6c\ub97c \uc0ac\uc6a9\ud558\uc5ec \uc2dc\uac04\uc744 \ucd5c\uc801\ud654\ud558\uace0 \uc0dd\uc0b0\uc131\uc744 \ub192\uc77c \uc218 \uc788\ub294 \uc0c8\ub85c\uc6b4 \ubc29\ubc95\uc744 \ubc1c\uacac\ud560 \uc218 \uc788\ub294 \uae30\ud68c\ub97c \uac16\uac8c \ub429\ub2c8\ub2e4.<\/p>\n<p>\ub610\ud55c \uc800\ud76c \uc6f9\uc0ac\uc774\ud2b8\ub294 \uc644\uc804 \ubb34\ub8cc\uc774\uba70 \uc5b8\uc81c \uc5b4\ub514\uc11c\ub098 \uc561\uc138\uc2a4\ud560 \uc218 \uc788\uc2b5\ub2c8\ub2e4. \ucf58\ud150\uce20\uc5d0 \uc561\uc138\uc2a4\ud558\uae30 \uc704\ud574 \uac00\uc785\ud558\uac70\ub098 \ube44\uc6a9\uc744 \uc9c0\ubd88\ud560 \ud544\uc694\uac00 \uc5c6\uc2b5\ub2c8\ub2e4. \uc989, \ubb34\ub8cc\ub85c \ubaa8\ub4e0 \uc815\ubcf4\ub97c \uc990\uae38 \uc218 \uc788\uc2b5\ub2c8\ub2e4.<\/p>\n<p>\uc989, \ub2f9\uc0ac \uc0ac\uc774\ud2b8\ub294 \uc2e0\ub8b0\ud560 \uc218 \uc788\uace0 \ud3ec\uad04\uc801\uc778 \ub274\uc2a4, \ud034\uc988 \ubc0f \uc571 \uc18c\uc2a4\uc785\ub2c8\ub2e4.<\/p>\n<p>\uc815\uae30\uc801\uc73c\ub85c \ubc29\ubb38\ud558\uba74 \uadc0\uc911\ud55c \uc815\ubcf4\uc5d0 \uc561\uc138\uc2a4\ud558\uace0 \uc77c\ubc18\uc801\uc73c\ub85c \ubaa8\ubc14\uc77c \uc7a5\uce58\uc640 \uae30\uc220\uc744 \ucd5c\ub300\ud55c \ud65c\uc6a9\ud560 \uc218 \uc788\uc2b5\ub2c8\ub2e4.<\/p>\n<p>\uadf8\ub7ec\ub2c8 \ub354 \uc774\uc0c1 \uc2dc\uac04\uc744 \ub0ad\ube44\ud558\uc9c0 \ub9d0\uace0 \uc9c0\uae08 \ubc14\ub85c \uc800\ud76c\uac00 \uc81c\uacf5\ud558\ub294 \ubaa8\ub4e0 \uac83\uc744 \uc0b4\ud3b4\ubcf4\uc138\uc694!<\/p>","protected":false},"excerpt":{"rendered":"<p>\uc800\ud76c \uc6f9\uc0ac\uc774\ud2b8\uc5d0 \uc624\uc2e0 \uac83\uc744 \ud658\uc601\ud569\ub2c8\ub2e4! \uc5ec\uae30\uc5d0\uc11c \uc6b0\ub9ac\ub294 \uc0ac\uc6a9\uc790\uc5d0\uac8c \ud638\uae30\uc2ec\uacfc \uc751\uc6a9 \ud504\ub85c\uadf8\ub7a8\uc5d0 \ub300\ud55c \uac00\uc7a5 \ud765\ubbf8\ub85c\uc6b4 \uc18c\uc2dd\uc744 \uc804\ub2ec\ud558\ub294 \ub370 \ucd5c\uc120\uc744 \ub2e4\ud558\uace0 \uc788\uc2b5\ub2c8\ub2e4. \uc6b0\ub9ac\ub294 \uc5d4\ud130\ud14c\uc778\uba3c\ud2b8 \uc815\ubcf4\ub97c \ucc3e\ub294 \uc0ac\ub78c\ub4e4\uacfc \ucd5c\uc2e0 \uc815\ubcf4\ub97c \uc5bb\uc73c\ub824\ub294 \uc0ac\ub78c\ub4e4 \ubaa8\ub450\uc5d0\uac8c \uc720\uc6a9\ud560 \uc218 \uc788\ub294 \ud50c\ub7ab\ud3fc\uc744 \uc81c\uacf5\ud558\ub294 \uac83\uc744 \ubaa9\ud45c\ub85c [\u2026]<\/p>","protected":false},"author":1,"featured_media":0,"parent":0,"menu_order":0,"comment_status":"closed","ping_status":"closed","template":"","meta":{"footnotes":""},"class_list":["post-98","page","type-page","status-publish","hentry"],"yoast_head":"<!-- This site is optimized with the Yoast SEO plugin v24.5 - https:\/\/yoast.com\/wordpress\/plugins\/seo\/ -->\n<title>P\u00e1gina Principal -<\/title>\n<meta name=\"robots\" content=\"index, follow, max-snippet:-1, max-image-preview:large, max-video-preview:-1\" \/>\n<link rel=\"canonical\" href=\"https:\/\/caleine.com\/ko\/\" \/>\n<meta property=\"og:locale\" content=\"ko_KR\" \/>\n<meta property=\"og:type\" content=\"article\" \/>\n<meta property=\"og:title\" content=\"P\u00e1gina Principal -\" \/>\n<meta property=\"og:description\" content=\"Bem-vindo ao nosso site! Aqui n\u00f3s nos dedicamos a trazer para nossos usu\u00e1rios as not\u00edcias mais interessantes sobre curiosidades e aplicativos. Temos como objetivo oferecer uma plataforma que possa ser \u00fatil tanto para aqueles que buscam informa\u00e7\u00f5es de entretenimento quanto para aqueles que procuram se manter atualizados com as novidades [&hellip;]\" \/>\n<meta property=\"og:url\" content=\"https:\/\/caleine.com\/ko\/\" \/>\n<meta property=\"article:modified_time\" content=\"2023-05-27T23:33:55+00:00\" \/>\n<meta property=\"og:image\" content=\"https:\/\/caleine.com\/wp-content\/uploads\/2023\/05\/Caleine-300x197.png\" \/>\n<meta name=\"twitter:card\" content=\"summary_large_image\" \/>\n<meta name=\"twitter:label1\" content=\"\uc608\uc0c1 \ub418\ub294 \ud310\ub3c5 \uc2dc\uac04\" \/>\n\t<meta name=\"twitter:data1\" content=\"2\ubd84\" \/>\n<script type=\"application\/ld+json\" class=\"yoast-schema-graph\">{\"@context\":\"https:\/\/schema.org\",\"@graph\":[{\"@type\":\"WebPage\",\"@id\":\"https:\/\/caleine.com\/\",\"url\":\"https:\/\/caleine.com\/\",\"name\":\"P\u00e1gina Principal -\",\"isPartOf\":{\"@id\":\"https:\/\/caleine.com\/#website\"},\"primaryImageOfPage\":{\"@id\":\"https:\/\/caleine.com\/#primaryimage\"},\"image\":{\"@id\":\"https:\/\/caleine.com\/#primaryimage\"},\"thumbnailUrl\":\"https:\/\/caleine.com\/wp-content\/uploads\/2023\/05\/Caleine-300x197.png\",\"datePublished\":\"2023-05-27T23:32:10+00:00\",\"dateModified\":\"2023-05-27T23:33:55+00:00\",\"breadcrumb\":{\"@id\":\"https:\/\/caleine.com\/#breadcrumb\"},\"inLanguage\":\"ko-KR\",\"potentialAction\":[{\"@type\":\"ReadAction\",\"target\":[\"https:\/\/caleine.com\/\"]}]},{\"@type\":\"ImageObject\",\"inLanguage\":\"ko-KR\",\"@id\":\"https:\/\/caleine.com\/#primaryimage\",\"url\":\"https:\/\/caleine.com\/wp-content\/uploads\/2023\/05\/Caleine-300x197.png\",\"contentUrl\":\"https:\/\/caleine.com\/wp-content\/uploads\/2023\/05\/Caleine-300x197.png\"},{\"@type\":\"BreadcrumbList\",\"@id\":\"https:\/\/caleine.com\/#breadcrumb\",\"itemListElement\":[{\"@type\":\"ListItem\",\"position\":1,\"name\":\"In\u00edcio\",\"item\":\"https:\/\/caleine.com\/\"},{\"@type\":\"ListItem\",\"position\":2,\"name\":\"P\u00e1gina Principal\"}]},{\"@type\":\"WebSite\",\"@id\":\"https:\/\/caleine.com\/#website\",\"url\":\"https:\/\/caleine.com\/\",\"name\":\"\",\"description\":\"Caleine\",\"potentialAction\":[{\"@type\":\"SearchAction\",\"target\":{\"@type\":\"EntryPoint\",\"urlTemplate\":\"https:\/\/caleine.com\/?s={search_term_string}\"},\"query-input\":{\"@type\":\"PropertyValueSpecification\",\"valueRequired\":true,\"valueName\":\"search_term_string\"}}],\"inLanguage\":\"ko-KR\"}]}<\/script>\n<!-- \/ Yoast SEO plugin. -->","yoast_head_json":{"title":"P\u00e1gina Principal -","robots":{"index":"index","follow":"follow","max-snippet":"max-snippet:-1","max-image-preview":"max-image-preview:large","max-video-preview":"max-video-preview:-1"},"canonical":"https:\/\/caleine.com\/ko\/","og_locale":"ko_KR","og_type":"article","og_title":"P\u00e1gina Principal -","og_description":"Bem-vindo ao nosso site! Aqui n\u00f3s nos dedicamos a trazer para nossos usu\u00e1rios as not\u00edcias mais interessantes sobre curiosidades e aplicativos. Temos como objetivo oferecer uma plataforma que possa ser \u00fatil tanto para aqueles que buscam informa\u00e7\u00f5es de entretenimento quanto para aqueles que procuram se manter atualizados com as novidades [&hellip;]","og_url":"https:\/\/caleine.com\/ko\/","article_modified_time":"2023-05-27T23:33:55+00:00","og_image":[{"url":"https:\/\/caleine.com\/wp-content\/uploads\/2023\/05\/Caleine-300x197.png","type":"","width":"","height":""}],"twitter_card":"summary_large_image","twitter_misc":{"\uc608\uc0c1 \ub418\ub294 \ud310\ub3c5 \uc2dc\uac04":"2\ubd84"},"schema":{"@context":"https:\/\/schema.org","@graph":[{"@type":"WebPage","@id":"https:\/\/caleine.com\/","url":"https:\/\/caleine.com\/","name":"P\u00e1gina Principal -","isPartOf":{"@id":"https:\/\/caleine.com\/#website"},"primaryImageOfPage":{"@id":"https:\/\/caleine.com\/#primaryimage"},"image":{"@id":"https:\/\/caleine.com\/#primaryimage"},"thumbnailUrl":"https:\/\/caleine.com\/wp-content\/uploads\/2023\/05\/Caleine-300x197.png","datePublished":"2023-05-27T23:32:10+00:00","dateModified":"2023-05-27T23:33:55+00:00","breadcrumb":{"@id":"https:\/\/caleine.com\/#breadcrumb"},"inLanguage":"ko-KR","potentialAction":[{"@type":"ReadAction","target":["https:\/\/caleine.com\/"]}]},{"@type":"ImageObject","inLanguage":"ko-KR","@id":"https:\/\/caleine.com\/#primaryimage","url":"https:\/\/caleine.com\/wp-content\/uploads\/2023\/05\/Caleine-300x197.png","contentUrl":"https:\/\/caleine.com\/wp-content\/uploads\/2023\/05\/Caleine-300x197.png"},{"@type":"BreadcrumbList","@id":"https:\/\/caleine.com\/#breadcrumb","itemListElement":[{"@type":"ListItem","position":1,"name":"In\u00edcio","item":"https:\/\/caleine.com\/"},{"@type":"ListItem","position":2,"name":"P\u00e1gina Principal"}]},{"@type":"WebSite","@id":"https:\/\/caleine.com\/#website","url":"https:\/\/caleine.com\/","name":"","description":"Caleine","potentialAction":[{"@type":"SearchAction","target":{"@type":"EntryPoint","urlTemplate":"https:\/\/caleine.com\/?s={search_term_string}"},"query-input":{"@type":"PropertyValueSpecification","valueRequired":true,"valueName":"search_term_string"}}],"inLanguage":"ko-KR"}]}},"_links":{"self":[{"href":"https:\/\/caleine.com\/ko\/wp-json\/wp\/v2\/pages\/98","targetHints":{"allow":["GET"]}}],"collection":[{"href":"https:\/\/caleine.com\/ko\/wp-json\/wp\/v2\/pages"}],"about":[{"href":"https:\/\/caleine.com\/ko\/wp-json\/wp\/v2\/types\/page"}],"author":[{"embeddable":true,"href":"https:\/\/caleine.com\/ko\/wp-json\/wp\/v2\/users\/1"}],"replies":[{"embeddable":true,"href":"https:\/\/caleine.com\/ko\/wp-json\/wp\/v2\/comments?post=98"}],"version-history":[{"count":2,"href":"https:\/\/caleine.com\/ko\/wp-json\/wp\/v2\/pages\/98\/revisions"}],"predecessor-version":[{"id":101,"href":"https:\/\/caleine.com\/ko\/wp-json\/wp\/v2\/pages\/98\/revisions\/101"}],"wp:attachment":[{"href":"https:\/\/caleine.com\/ko\/wp-json\/wp\/v2\/media?parent=98"}],"curies":[{"name":"wp","href":"https:\/\/api.w.org\/{rel}","templated":true}]}}