{"id":98,"date":"2023-05-27T20:32:10","date_gmt":"2023-05-27T23:32:10","guid":{"rendered":"https:\/\/caleine.com\/?page_id=98"},"modified":"2023-05-27T20:33:55","modified_gmt":"2023-05-27T23:33:55","slug":"pagina-principal","status":"publish","type":"page","link":"https:\/\/caleine.com\/nl\/","title":{"rendered":"Hoofdpagina"},"content":{"rendered":"<p>Welkom op onze website! Hier zijn we toegewijd om onze gebruikers het meest interessante nieuws over te brengen <strong>curiositeiten en toepassingen.<\/strong><\/p>\n<p><img fetchpriority=\"high\" decoding=\"async\" src=\"https:\/\/caleine.com\/wp-content\/uploads\/2023\/05\/Caleine-300x197.png\" alt=\"\" width=\"300\" height=\"197\" class=\"alignnone size-medium wp-image-76 aligncenter\" srcset=\"https:\/\/caleine.com\/wp-content\/uploads\/2023\/05\/Caleine-300x197.png 300w, https:\/\/caleine.com\/wp-content\/uploads\/2023\/05\/Caleine.png 517w\" sizes=\"(max-width: 300px) 100vw, 300px\" \/><\/p>\n<p>We streven ernaar een platform aan te bieden dat nuttig kan zijn voor zowel mensen die op zoek zijn naar entertainmentinformatie als voor mensen die op de hoogte willen blijven van het nieuws in de digitale wereld.<\/p>\n<p>Met ons team van technologie- en trivia-experts werken we dagelijks om te voorzien <strong>Relevante en geloofwaardige inhoud. <\/strong><\/p>\n<p>Onze nieuwsselectie is zorgvuldig samengesteld om ervoor te zorgen dat onze lezers toegang hebben tot nauwkeurige en actuele informatie.<\/p>\n<p>Op onze website vindt u nieuws en artikelen over uiteenlopende onderwerpen, van historische bezienswaardigheden tot de nieuwste en meest populaire apps op de markt.<\/p>\n<p>Bovendien kunnen onze lezers ook complete handleidingen en tutorials bekijken over hoe deze tools te gebruiken en het meeste uit hun functies te halen.<\/p>\n<p>Het maakt niet uit of u een ervaren gebruiker bent of een nieuwkomer in de wereld van technologie, onze site heeft voor elk wat wils.<\/p>\n<p>Met een grote verscheidenheid aan beschikbare categorie\u00ebn en onderwerpen, kunt u gemakkelijk de informatie vinden die u nodig heeft om uw leven gemakkelijker en leuker te maken.<\/p>\n<p>Door onze site regelmatig te bezoeken, blijf je op de hoogte van de laatste trends en nieuwtjes op het gebied van mobiele apps, games, gadgets en curiosa.<\/p>\n<p>U krijgt ook de kans om nieuwe manieren te ontdekken om uw tijd te optimaliseren en uw productiviteit te verhogen met behulp van de juiste tools.<\/p>\n<p>Bovendien is onze website volledig gratis en altijd en overal toegankelijk. U hoeft zich niet aan te melden of te betalen om toegang te krijgen tot de inhoud, wat betekent dat u gratis kunt genieten van al onze informatie.<\/p>\n<p>Kortom, onze site is een vertrouwde en uitgebreide bron van nieuws, weetjes en apps.<\/p>\n<p>Door het regelmatig te bezoeken, krijgt u toegang tot waardevolle informatie en kunt u het meeste uit uw mobiele apparaten en technologie\u00ebn in het algemeen halen.<\/p>\n<p>Verspil dus geen tijd meer en begin nu met het verkennen van alles wat we te bieden hebben!<\/p>","protected":false},"excerpt":{"rendered":"<p>Welkom op onze website! Hier zijn we toegewijd om onze gebruikers het meest interessante nieuws over curiosa en toepassingen te bieden. We streven ernaar een platform aan te bieden dat nuttig kan zijn voor zowel mensen die op zoek zijn naar entertainmentinformatie als voor mensen die op de hoogte willen blijven van de laatste [\u2026]<\/p>","protected":false},"author":1,"featured_media":0,"parent":0,"menu_order":0,"comment_status":"closed","ping_status":"closed","template":"","meta":{"footnotes":""},"class_list":["post-98","page","type-page","status-publish","hentry"],"yoast_head":"<!-- This site is optimized with the Yoast SEO plugin v24.5 - https:\/\/yoast.com\/wordpress\/plugins\/seo\/ -->\n<title>P\u00e1gina Principal -<\/title>\n<meta name=\"robots\" content=\"index, follow, max-snippet:-1, max-image-preview:large, max-video-preview:-1\" \/>\n<link rel=\"canonical\" href=\"https:\/\/caleine.com\/nl\/\" \/>\n<meta property=\"og:locale\" content=\"nl_BE\" \/>\n<meta property=\"og:type\" content=\"article\" \/>\n<meta property=\"og:title\" content=\"P\u00e1gina Principal -\" \/>\n<meta property=\"og:description\" content=\"Bem-vindo ao nosso site! Aqui n\u00f3s nos dedicamos a trazer para nossos usu\u00e1rios as not\u00edcias mais interessantes sobre curiosidades e aplicativos. Temos como objetivo oferecer uma plataforma que possa ser \u00fatil tanto para aqueles que buscam informa\u00e7\u00f5es de entretenimento quanto para aqueles que procuram se manter atualizados com as novidades [&hellip;]\" \/>\n<meta property=\"og:url\" content=\"https:\/\/caleine.com\/nl\/\" \/>\n<meta property=\"article:modified_time\" content=\"2023-05-27T23:33:55+00:00\" \/>\n<meta property=\"og:image\" content=\"https:\/\/caleine.com\/wp-content\/uploads\/2023\/05\/Caleine-300x197.png\" \/>\n<meta name=\"twitter:card\" content=\"summary_large_image\" \/>\n<meta name=\"twitter:label1\" content=\"Geschatte leestijd\" \/>\n\t<meta name=\"twitter:data1\" content=\"2 minuten\" \/>\n<script type=\"application\/ld+json\" class=\"yoast-schema-graph\">{\"@context\":\"https:\/\/schema.org\",\"@graph\":[{\"@type\":\"WebPage\",\"@id\":\"https:\/\/caleine.com\/\",\"url\":\"https:\/\/caleine.com\/\",\"name\":\"P\u00e1gina Principal -\",\"isPartOf\":{\"@id\":\"https:\/\/caleine.com\/#website\"},\"primaryImageOfPage\":{\"@id\":\"https:\/\/caleine.com\/#primaryimage\"},\"image\":{\"@id\":\"https:\/\/caleine.com\/#primaryimage\"},\"thumbnailUrl\":\"https:\/\/caleine.com\/wp-content\/uploads\/2023\/05\/Caleine-300x197.png\",\"datePublished\":\"2023-05-27T23:32:10+00:00\",\"dateModified\":\"2023-05-27T23:33:55+00:00\",\"breadcrumb\":{\"@id\":\"https:\/\/caleine.com\/#breadcrumb\"},\"inLanguage\":\"nl-BE\",\"potentialAction\":[{\"@type\":\"ReadAction\",\"target\":[\"https:\/\/caleine.com\/\"]}]},{\"@type\":\"ImageObject\",\"inLanguage\":\"nl-BE\",\"@id\":\"https:\/\/caleine.com\/#primaryimage\",\"url\":\"https:\/\/caleine.com\/wp-content\/uploads\/2023\/05\/Caleine-300x197.png\",\"contentUrl\":\"https:\/\/caleine.com\/wp-content\/uploads\/2023\/05\/Caleine-300x197.png\"},{\"@type\":\"BreadcrumbList\",\"@id\":\"https:\/\/caleine.com\/#breadcrumb\",\"itemListElement\":[{\"@type\":\"ListItem\",\"position\":1,\"name\":\"In\u00edcio\",\"item\":\"https:\/\/caleine.com\/\"},{\"@type\":\"ListItem\",\"position\":2,\"name\":\"P\u00e1gina Principal\"}]},{\"@type\":\"WebSite\",\"@id\":\"https:\/\/caleine.com\/#website\",\"url\":\"https:\/\/caleine.com\/\",\"name\":\"\",\"description\":\"Caleine\",\"potentialAction\":[{\"@type\":\"SearchAction\",\"target\":{\"@type\":\"EntryPoint\",\"urlTemplate\":\"https:\/\/caleine.com\/?s={search_term_string}\"},\"query-input\":{\"@type\":\"PropertyValueSpecification\",\"valueRequired\":true,\"valueName\":\"search_term_string\"}}],\"inLanguage\":\"nl-BE\"}]}<\/script>\n<!-- \/ Yoast SEO plugin. -->","yoast_head_json":{"title":"P\u00e1gina Principal -","robots":{"index":"index","follow":"follow","max-snippet":"max-snippet:-1","max-image-preview":"max-image-preview:large","max-video-preview":"max-video-preview:-1"},"canonical":"https:\/\/caleine.com\/nl\/","og_locale":"nl_BE","og_type":"article","og_title":"P\u00e1gina Principal -","og_description":"Bem-vindo ao nosso site! Aqui n\u00f3s nos dedicamos a trazer para nossos usu\u00e1rios as not\u00edcias mais interessantes sobre curiosidades e aplicativos. Temos como objetivo oferecer uma plataforma que possa ser \u00fatil tanto para aqueles que buscam informa\u00e7\u00f5es de entretenimento quanto para aqueles que procuram se manter atualizados com as novidades [&hellip;]","og_url":"https:\/\/caleine.com\/nl\/","article_modified_time":"2023-05-27T23:33:55+00:00","og_image":[{"url":"https:\/\/caleine.com\/wp-content\/uploads\/2023\/05\/Caleine-300x197.png","type":"","width":"","height":""}],"twitter_card":"summary_large_image","twitter_misc":{"Geschatte leestijd":"2 minuten"},"schema":{"@context":"https:\/\/schema.org","@graph":[{"@type":"WebPage","@id":"https:\/\/caleine.com\/","url":"https:\/\/caleine.com\/","name":"P\u00e1gina Principal -","isPartOf":{"@id":"https:\/\/caleine.com\/#website"},"primaryImageOfPage":{"@id":"https:\/\/caleine.com\/#primaryimage"},"image":{"@id":"https:\/\/caleine.com\/#primaryimage"},"thumbnailUrl":"https:\/\/caleine.com\/wp-content\/uploads\/2023\/05\/Caleine-300x197.png","datePublished":"2023-05-27T23:32:10+00:00","dateModified":"2023-05-27T23:33:55+00:00","breadcrumb":{"@id":"https:\/\/caleine.com\/#breadcrumb"},"inLanguage":"nl-BE","potentialAction":[{"@type":"ReadAction","target":["https:\/\/caleine.com\/"]}]},{"@type":"ImageObject","inLanguage":"nl-BE","@id":"https:\/\/caleine.com\/#primaryimage","url":"https:\/\/caleine.com\/wp-content\/uploads\/2023\/05\/Caleine-300x197.png","contentUrl":"https:\/\/caleine.com\/wp-content\/uploads\/2023\/05\/Caleine-300x197.png"},{"@type":"BreadcrumbList","@id":"https:\/\/caleine.com\/#breadcrumb","itemListElement":[{"@type":"ListItem","position":1,"name":"In\u00edcio","item":"https:\/\/caleine.com\/"},{"@type":"ListItem","position":2,"name":"P\u00e1gina Principal"}]},{"@type":"WebSite","@id":"https:\/\/caleine.com\/#website","url":"https:\/\/caleine.com\/","name":"","description":"Caleine","potentialAction":[{"@type":"SearchAction","target":{"@type":"EntryPoint","urlTemplate":"https:\/\/caleine.com\/?s={search_term_string}"},"query-input":{"@type":"PropertyValueSpecification","valueRequired":true,"valueName":"search_term_string"}}],"inLanguage":"nl-BE"}]}},"_links":{"self":[{"href":"https:\/\/caleine.com\/nl\/wp-json\/wp\/v2\/pages\/98","targetHints":{"allow":["GET"]}}],"collection":[{"href":"https:\/\/caleine.com\/nl\/wp-json\/wp\/v2\/pages"}],"about":[{"href":"https:\/\/caleine.com\/nl\/wp-json\/wp\/v2\/types\/page"}],"author":[{"embeddable":true,"href":"https:\/\/caleine.com\/nl\/wp-json\/wp\/v2\/users\/1"}],"replies":[{"embeddable":true,"href":"https:\/\/caleine.com\/nl\/wp-json\/wp\/v2\/comments?post=98"}],"version-history":[{"count":2,"href":"https:\/\/caleine.com\/nl\/wp-json\/wp\/v2\/pages\/98\/revisions"}],"predecessor-version":[{"id":101,"href":"https:\/\/caleine.com\/nl\/wp-json\/wp\/v2\/pages\/98\/revisions\/101"}],"wp:attachment":[{"href":"https:\/\/caleine.com\/nl\/wp-json\/wp\/v2\/media?parent=98"}],"curies":[{"name":"wp","href":"https:\/\/api.w.org\/{rel}","templated":true}]}}