{"id":98,"date":"2023-05-27T20:32:10","date_gmt":"2023-05-27T23:32:10","guid":{"rendered":"https:\/\/caleine.com\/?page_id=98"},"modified":"2023-05-27T20:33:55","modified_gmt":"2023-05-27T23:33:55","slug":"pagina-principal","status":"publish","type":"page","link":"https:\/\/caleine.com\/pl\/","title":{"rendered":"Strona g\u0142\u00f3wna"},"content":{"rendered":"<p>Witamy na naszej stronie internetowej! Tutaj naszym celem jest dostarczanie naszym u\u017cytkownikom najciekawszych wiadomo\u015bci na temat <strong>ciekawostki i zastosowania.<\/strong><\/p>\n<p><img fetchpriority=\"high\" decoding=\"async\" src=\"https:\/\/caleine.com\/wp-content\/uploads\/2023\/05\/Caleine-300x197.png\" alt=\"\" width=\"300\" height=\"197\" class=\"alignnone size-medium wp-image-76 aligncenter\" srcset=\"https:\/\/caleine.com\/wp-content\/uploads\/2023\/05\/Caleine-300x197.png 300w, https:\/\/caleine.com\/wp-content\/uploads\/2023\/05\/Caleine.png 517w\" sizes=\"(max-width: 300px) 100vw, 300px\" \/><\/p>\n<p>Naszym celem jest zaoferowanie platformy, kt\u00f3ra mo\u017ce by\u0107 przydatna zar\u00f3wno dla os\u00f3b poszukuj\u0105cych informacji o rozrywce, jak i tych, kt\u00f3rzy chc\u0105 by\u0107 na bie\u017c\u0105co z nowo\u015bciami w cyfrowym \u015bwiecie.<\/p>\n<p>Codziennie pracujemy nad tym, aby zapewni\u0107 Ci nasz zesp\u00f3\u0142 ekspert\u00f3w w dziedzinie technologii i ciekawostek <strong>istotne i wiarygodne tre\u015bci. <\/strong><\/p>\n<p>Nasz wyb\u00f3r wiadomo\u015bci jest starannie dobierany, aby zapewni\u0107 naszym czytelnikom dost\u0119p do dok\u0142adnych i aktualnych informacji.<\/p>\n<p>Na naszym portalu znajdziesz aktualno\u015bci i artyku\u0142y na przer\u00f3\u017cn\u0105 tematyk\u0119, od ciekawostek historycznych po najnowsze i popularne na rynku aplikacje.<\/p>\n<p>Ponadto nasi czytelnicy mog\u0105 zapozna\u0107 si\u0119 z kompletnymi przewodnikami i samouczkami dotycz\u0105cymi korzystania z tych narz\u0119dzi i maksymalnego wykorzystania ich funkcji.<\/p>\n<p>Nie ma znaczenia, czy jeste\u015b do\u015bwiadczonym u\u017cytkownikiem, czy pocz\u0105tkuj\u0105cym w \u015bwiecie technologii, na naszej stronie ka\u017cdy znajdzie co\u015b dla siebie.<\/p>\n<p>Dzi\u0119ki szerokiej gamie dost\u0119pnych kategorii i temat\u00f3w mo\u017cesz \u0142atwo znale\u017a\u0107 informacje, kt\u00f3rych potrzebujesz, aby uczyni\u0107 swoje \u017cycie \u0142atwiejszym i przyjemniejszym.<\/p>\n<p>Odwiedzaj\u0105c regularnie nasz\u0105 stron\u0119, b\u0119dziesz na bie\u017c\u0105co z najnowszymi trendami i nowo\u015bciami w zakresie aplikacji mobilnych, gier, gad\u017cet\u00f3w i ciekawostek.<\/p>\n<p>B\u0119dziesz mia\u0142 tak\u017ce okazj\u0119 odkry\u0107 nowe sposoby optymalizacji czasu i zwi\u0119kszenia produktywno\u015bci przy u\u017cyciu odpowiednich narz\u0119dzi.<\/p>\n<p>Co wi\u0119cej, nasza strona internetowa jest ca\u0142kowicie bezp\u0142atna i dost\u0119pna w dowolnym miejscu i czasie. Aby uzyska\u0107 dost\u0119p do tre\u015bci, nie trzeba si\u0119 rejestrowa\u0107 ani p\u0142aci\u0107, co oznacza, \u017ce mo\u017cesz bezp\u0142atnie korzysta\u0107 ze wszystkich naszych informacji.<\/p>\n<p>Kr\u00f3tko m\u00f3wi\u0105c, nasza strona jest niezawodnym i kompleksowym \u017ar\u00f3d\u0142em aktualno\u015bci, ciekawostek i aplikacji.<\/p>\n<p>Odwiedzaj\u0105c j\u0105 regularnie, b\u0119dziesz mie\u0107 dost\u0119p do cennych informacji i b\u0119dziesz m\u00f3g\u0142 w pe\u0142ni wykorzysta\u0107 swoje urz\u0105dzenia mobilne i technologi\u0119 w og\u00f3le.<\/p>\n<p>Nie marnuj wi\u0119c wi\u0119cej czasu i ju\u017c teraz zacznij odkrywa\u0107 wszystko, co mamy do zaoferowania!<\/p>","protected":false},"excerpt":{"rendered":"<p>Witamy na naszej stronie internetowej! Tutaj naszym celem jest dostarczanie naszym u\u017cytkownikom najciekawszych wiadomo\u015bci o ciekawostkach i aplikacjach. Naszym celem jest zaoferowanie platformy, kt\u00f3ra mo\u017ce by\u0107 przydatna zar\u00f3wno dla os\u00f3b poszukuj\u0105cych informacji o rozrywce, jak i dla tych, kt\u00f3rzy chc\u0105 by\u0107 na bie\u017c\u0105co z najnowszymi [\u2026]<\/p>","protected":false},"author":1,"featured_media":0,"parent":0,"menu_order":0,"comment_status":"closed","ping_status":"closed","template":"","meta":{"footnotes":""},"class_list":["post-98","page","type-page","status-publish","hentry"],"yoast_head":"<!-- This site is optimized with the Yoast SEO plugin v24.5 - https:\/\/yoast.com\/wordpress\/plugins\/seo\/ -->\n<title>P\u00e1gina Principal -<\/title>\n<meta name=\"robots\" content=\"index, follow, max-snippet:-1, max-image-preview:large, max-video-preview:-1\" \/>\n<link rel=\"canonical\" href=\"https:\/\/caleine.com\/pl\/\" \/>\n<meta property=\"og:locale\" content=\"pl_PL\" \/>\n<meta property=\"og:type\" content=\"article\" \/>\n<meta property=\"og:title\" content=\"P\u00e1gina Principal -\" \/>\n<meta property=\"og:description\" content=\"Bem-vindo ao nosso site! Aqui n\u00f3s nos dedicamos a trazer para nossos usu\u00e1rios as not\u00edcias mais interessantes sobre curiosidades e aplicativos. Temos como objetivo oferecer uma plataforma que possa ser \u00fatil tanto para aqueles que buscam informa\u00e7\u00f5es de entretenimento quanto para aqueles que procuram se manter atualizados com as novidades [&hellip;]\" \/>\n<meta property=\"og:url\" content=\"https:\/\/caleine.com\/pl\/\" \/>\n<meta property=\"article:modified_time\" content=\"2023-05-27T23:33:55+00:00\" \/>\n<meta property=\"og:image\" content=\"https:\/\/caleine.com\/wp-content\/uploads\/2023\/05\/Caleine-300x197.png\" \/>\n<meta name=\"twitter:card\" content=\"summary_large_image\" \/>\n<meta name=\"twitter:label1\" content=\"Szacowany czas czytania\" \/>\n\t<meta name=\"twitter:data1\" content=\"2 minuty\" \/>\n<script type=\"application\/ld+json\" class=\"yoast-schema-graph\">{\"@context\":\"https:\/\/schema.org\",\"@graph\":[{\"@type\":\"WebPage\",\"@id\":\"https:\/\/caleine.com\/\",\"url\":\"https:\/\/caleine.com\/\",\"name\":\"P\u00e1gina Principal -\",\"isPartOf\":{\"@id\":\"https:\/\/caleine.com\/#website\"},\"primaryImageOfPage\":{\"@id\":\"https:\/\/caleine.com\/#primaryimage\"},\"image\":{\"@id\":\"https:\/\/caleine.com\/#primaryimage\"},\"thumbnailUrl\":\"https:\/\/caleine.com\/wp-content\/uploads\/2023\/05\/Caleine-300x197.png\",\"datePublished\":\"2023-05-27T23:32:10+00:00\",\"dateModified\":\"2023-05-27T23:33:55+00:00\",\"breadcrumb\":{\"@id\":\"https:\/\/caleine.com\/#breadcrumb\"},\"inLanguage\":\"pl-PL\",\"potentialAction\":[{\"@type\":\"ReadAction\",\"target\":[\"https:\/\/caleine.com\/\"]}]},{\"@type\":\"ImageObject\",\"inLanguage\":\"pl-PL\",\"@id\":\"https:\/\/caleine.com\/#primaryimage\",\"url\":\"https:\/\/caleine.com\/wp-content\/uploads\/2023\/05\/Caleine-300x197.png\",\"contentUrl\":\"https:\/\/caleine.com\/wp-content\/uploads\/2023\/05\/Caleine-300x197.png\"},{\"@type\":\"BreadcrumbList\",\"@id\":\"https:\/\/caleine.com\/#breadcrumb\",\"itemListElement\":[{\"@type\":\"ListItem\",\"position\":1,\"name\":\"In\u00edcio\",\"item\":\"https:\/\/caleine.com\/\"},{\"@type\":\"ListItem\",\"position\":2,\"name\":\"P\u00e1gina Principal\"}]},{\"@type\":\"WebSite\",\"@id\":\"https:\/\/caleine.com\/#website\",\"url\":\"https:\/\/caleine.com\/\",\"name\":\"\",\"description\":\"Caleine\",\"potentialAction\":[{\"@type\":\"SearchAction\",\"target\":{\"@type\":\"EntryPoint\",\"urlTemplate\":\"https:\/\/caleine.com\/?s={search_term_string}\"},\"query-input\":{\"@type\":\"PropertyValueSpecification\",\"valueRequired\":true,\"valueName\":\"search_term_string\"}}],\"inLanguage\":\"pl-PL\"}]}<\/script>\n<!-- \/ Yoast SEO plugin. -->","yoast_head_json":{"title":"P\u00e1gina Principal -","robots":{"index":"index","follow":"follow","max-snippet":"max-snippet:-1","max-image-preview":"max-image-preview:large","max-video-preview":"max-video-preview:-1"},"canonical":"https:\/\/caleine.com\/pl\/","og_locale":"pl_PL","og_type":"article","og_title":"P\u00e1gina Principal -","og_description":"Bem-vindo ao nosso site! Aqui n\u00f3s nos dedicamos a trazer para nossos usu\u00e1rios as not\u00edcias mais interessantes sobre curiosidades e aplicativos. Temos como objetivo oferecer uma plataforma que possa ser \u00fatil tanto para aqueles que buscam informa\u00e7\u00f5es de entretenimento quanto para aqueles que procuram se manter atualizados com as novidades [&hellip;]","og_url":"https:\/\/caleine.com\/pl\/","article_modified_time":"2023-05-27T23:33:55+00:00","og_image":[{"url":"https:\/\/caleine.com\/wp-content\/uploads\/2023\/05\/Caleine-300x197.png","type":"","width":"","height":""}],"twitter_card":"summary_large_image","twitter_misc":{"Szacowany czas czytania":"2 minuty"},"schema":{"@context":"https:\/\/schema.org","@graph":[{"@type":"WebPage","@id":"https:\/\/caleine.com\/","url":"https:\/\/caleine.com\/","name":"P\u00e1gina Principal -","isPartOf":{"@id":"https:\/\/caleine.com\/#website"},"primaryImageOfPage":{"@id":"https:\/\/caleine.com\/#primaryimage"},"image":{"@id":"https:\/\/caleine.com\/#primaryimage"},"thumbnailUrl":"https:\/\/caleine.com\/wp-content\/uploads\/2023\/05\/Caleine-300x197.png","datePublished":"2023-05-27T23:32:10+00:00","dateModified":"2023-05-27T23:33:55+00:00","breadcrumb":{"@id":"https:\/\/caleine.com\/#breadcrumb"},"inLanguage":"pl-PL","potentialAction":[{"@type":"ReadAction","target":["https:\/\/caleine.com\/"]}]},{"@type":"ImageObject","inLanguage":"pl-PL","@id":"https:\/\/caleine.com\/#primaryimage","url":"https:\/\/caleine.com\/wp-content\/uploads\/2023\/05\/Caleine-300x197.png","contentUrl":"https:\/\/caleine.com\/wp-content\/uploads\/2023\/05\/Caleine-300x197.png"},{"@type":"BreadcrumbList","@id":"https:\/\/caleine.com\/#breadcrumb","itemListElement":[{"@type":"ListItem","position":1,"name":"In\u00edcio","item":"https:\/\/caleine.com\/"},{"@type":"ListItem","position":2,"name":"P\u00e1gina Principal"}]},{"@type":"WebSite","@id":"https:\/\/caleine.com\/#website","url":"https:\/\/caleine.com\/","name":"","description":"Caleine","potentialAction":[{"@type":"SearchAction","target":{"@type":"EntryPoint","urlTemplate":"https:\/\/caleine.com\/?s={search_term_string}"},"query-input":{"@type":"PropertyValueSpecification","valueRequired":true,"valueName":"search_term_string"}}],"inLanguage":"pl-PL"}]}},"_links":{"self":[{"href":"https:\/\/caleine.com\/pl\/wp-json\/wp\/v2\/pages\/98","targetHints":{"allow":["GET"]}}],"collection":[{"href":"https:\/\/caleine.com\/pl\/wp-json\/wp\/v2\/pages"}],"about":[{"href":"https:\/\/caleine.com\/pl\/wp-json\/wp\/v2\/types\/page"}],"author":[{"embeddable":true,"href":"https:\/\/caleine.com\/pl\/wp-json\/wp\/v2\/users\/1"}],"replies":[{"embeddable":true,"href":"https:\/\/caleine.com\/pl\/wp-json\/wp\/v2\/comments?post=98"}],"version-history":[{"count":2,"href":"https:\/\/caleine.com\/pl\/wp-json\/wp\/v2\/pages\/98\/revisions"}],"predecessor-version":[{"id":101,"href":"https:\/\/caleine.com\/pl\/wp-json\/wp\/v2\/pages\/98\/revisions\/101"}],"wp:attachment":[{"href":"https:\/\/caleine.com\/pl\/wp-json\/wp\/v2\/media?parent=98"}],"curies":[{"name":"wp","href":"https:\/\/api.w.org\/{rel}","templated":true}]}}