{"id":98,"date":"2023-05-27T20:32:10","date_gmt":"2023-05-27T23:32:10","guid":{"rendered":"https:\/\/caleine.com\/?page_id=98"},"modified":"2023-05-27T20:33:55","modified_gmt":"2023-05-27T23:33:55","slug":"pagina-principal","status":"publish","type":"page","link":"https:\/\/caleine.com\/ro\/","title":{"rendered":"Pagina principal\u0103"},"content":{"rendered":"<p>Bine ati venit pe site-ul nostru! Aici suntem dedica\u021bi s\u0103 aducem utilizatorilor no\u0219tri cele mai interesante \u0219tiri despre <strong>curiozit\u0103\u021bi \u0219i aplica\u021bii.<\/strong><\/p>\n<p><img fetchpriority=\"high\" decoding=\"async\" src=\"https:\/\/caleine.com\/wp-content\/uploads\/2023\/05\/Caleine-300x197.png\" alt=\"\" width=\"300\" height=\"197\" class=\"alignnone size-medium wp-image-76 aligncenter\" srcset=\"https:\/\/caleine.com\/wp-content\/uploads\/2023\/05\/Caleine-300x197.png 300w, https:\/\/caleine.com\/wp-content\/uploads\/2023\/05\/Caleine.png 517w\" sizes=\"(max-width: 300px) 100vw, 300px\" \/><\/p>\n<p>Ne propunem s\u0103 oferim o platform\u0103 care poate fi util\u0103 at\u00e2t pentru cei care caut\u0103 informa\u021bii de divertisment, c\u00e2t \u0219i pentru cei care doresc s\u0103 fie la curent cu nout\u0103\u021bile din lumea digital\u0103.<\/p>\n<p>Cu echipa noastr\u0103 de exper\u021bi \u00een tehnologie \u0219i trivia, lucr\u0103m zilnic pentru a oferi <strong>Con\u021binut relevant \u0219i credibil. <\/strong><\/p>\n<p>Selec\u021bia noastr\u0103 de \u0219tiri este realizat\u0103 cu aten\u021bie pentru a se asigura c\u0103 cititorii no\u0219tri au acces la informa\u021bii corecte \u0219i actualizate.<\/p>\n<p>Pe site-ul nostru, ve\u021bi g\u0103si \u0219tiri \u0219i articole pe o varietate de subiecte, de la curiozit\u0103\u021bi istorice p\u00e2n\u0103 la cele mai recente \u0219i populare aplica\u021bii de pe pia\u021b\u0103.<\/p>\n<p>\u00cen plus, cititorii no\u0219tri pot consulta \u0219i ghiduri complete \u0219i tutoriale despre cum s\u0103 folose\u0219ti aceste instrumente \u0219i s\u0103 profite la maximum de func\u021biile lor.<\/p>\n<p>Nu conteaz\u0103 dac\u0103 e\u0219ti un utilizator experimentat sau un nou venit \u00een lumea tehnologiei, site-ul nostru are c\u00e2te ceva pentru toat\u0103 lumea.<\/p>\n<p>Cu o mare varietate de categorii \u0219i subiecte disponibile, pute\u021bi g\u0103si cu u\u0219urin\u021b\u0103 informa\u021biile de care ave\u021bi nevoie pentru a v\u0103 face via\u021ba mai u\u0219oar\u0103 \u0219i mai distractiv\u0103.<\/p>\n<p>Vizit\u00e2nd site-ul nostru \u00een mod regulat, ve\u021bi fi la curent cu cele mai recente tendin\u021be \u0219i \u0219tiri \u00een aplica\u021bii mobile, jocuri, gadget-uri \u0219i curiozit\u0103\u021bi.<\/p>\n<p>Ve\u021bi avea, de asemenea, oportunitatea de a descoperi noi modalit\u0103\u021bi de a v\u0103 optimiza timpul \u0219i de a v\u0103 cre\u0219te productivitatea folosind instrumentele potrivite.<\/p>\n<p>\u00cen plus, site-ul nostru este complet gratuit \u0219i accesibil oric\u00e2nd \u0219i oriunde. Nu este nevoie s\u0103 v\u0103 \u00eenscrie\u021bi sau s\u0103 pl\u0103ti\u021bi pentru a accesa con\u021binutul, ceea ce \u00eenseamn\u0103 c\u0103 v\u0103 pute\u021bi bucura de toate informa\u021biile noastre f\u0103r\u0103 costuri.<\/p>\n<p>Pe scurt, site-ul nostru este o surs\u0103 de \u00eencredere \u0219i cuprinz\u0103toare de \u0219tiri, trivia \u0219i aplica\u021bii.<\/p>\n<p>Vizit\u00e2nd-o \u00een mod regulat, ve\u021bi ob\u021bine acces la informa\u021bii valoroase \u0219i ve\u021bi putea profita la maximum de dispozitivele \u0219i tehnologiile dvs. mobile \u00een general.<\/p>\n<p>Deci, nu mai pierde timpul \u0219i \u00eencepe s\u0103 explorezi tot ce avem de oferit chiar acum!<\/p>","protected":false},"excerpt":{"rendered":"<p>Bine ati venit pe site-ul nostru! Aici suntem dedica\u021bi s\u0103 aducem utilizatorilor no\u0219tri cele mai interesante \u0219tiri despre curiozit\u0103\u021bi \u0219i aplica\u021bii. Ne propunem s\u0103 oferim o platform\u0103 care poate fi util\u0103 at\u00e2t pentru cei care caut\u0103 informa\u021bii despre divertisment, c\u00e2t \u0219i pentru cei care doresc s\u0103 fie la curent cu cele mai recente [\u2026]<\/p>","protected":false},"author":1,"featured_media":0,"parent":0,"menu_order":0,"comment_status":"closed","ping_status":"closed","template":"","meta":{"footnotes":""},"class_list":["post-98","page","type-page","status-publish","hentry"],"yoast_head":"<!-- This site is optimized with the Yoast SEO plugin v24.5 - https:\/\/yoast.com\/wordpress\/plugins\/seo\/ -->\n<title>P\u00e1gina Principal -<\/title>\n<meta name=\"robots\" content=\"index, follow, max-snippet:-1, max-image-preview:large, max-video-preview:-1\" \/>\n<link rel=\"canonical\" href=\"https:\/\/caleine.com\/ro\/\" \/>\n<meta property=\"og:locale\" content=\"ro_RO\" \/>\n<meta property=\"og:type\" content=\"article\" \/>\n<meta property=\"og:title\" content=\"P\u00e1gina Principal -\" \/>\n<meta property=\"og:description\" content=\"Bem-vindo ao nosso site! Aqui n\u00f3s nos dedicamos a trazer para nossos usu\u00e1rios as not\u00edcias mais interessantes sobre curiosidades e aplicativos. Temos como objetivo oferecer uma plataforma que possa ser \u00fatil tanto para aqueles que buscam informa\u00e7\u00f5es de entretenimento quanto para aqueles que procuram se manter atualizados com as novidades [&hellip;]\" \/>\n<meta property=\"og:url\" content=\"https:\/\/caleine.com\/ro\/\" \/>\n<meta property=\"article:modified_time\" content=\"2023-05-27T23:33:55+00:00\" \/>\n<meta property=\"og:image\" content=\"https:\/\/caleine.com\/wp-content\/uploads\/2023\/05\/Caleine-300x197.png\" \/>\n<meta name=\"twitter:card\" content=\"summary_large_image\" \/>\n<meta name=\"twitter:label1\" content=\"Timp estimat pentru citire\" \/>\n\t<meta name=\"twitter:data1\" content=\"2 minute\" \/>\n<script type=\"application\/ld+json\" class=\"yoast-schema-graph\">{\"@context\":\"https:\/\/schema.org\",\"@graph\":[{\"@type\":\"WebPage\",\"@id\":\"https:\/\/caleine.com\/\",\"url\":\"https:\/\/caleine.com\/\",\"name\":\"P\u00e1gina Principal -\",\"isPartOf\":{\"@id\":\"https:\/\/caleine.com\/#website\"},\"primaryImageOfPage\":{\"@id\":\"https:\/\/caleine.com\/#primaryimage\"},\"image\":{\"@id\":\"https:\/\/caleine.com\/#primaryimage\"},\"thumbnailUrl\":\"https:\/\/caleine.com\/wp-content\/uploads\/2023\/05\/Caleine-300x197.png\",\"datePublished\":\"2023-05-27T23:32:10+00:00\",\"dateModified\":\"2023-05-27T23:33:55+00:00\",\"breadcrumb\":{\"@id\":\"https:\/\/caleine.com\/#breadcrumb\"},\"inLanguage\":\"ro-RO\",\"potentialAction\":[{\"@type\":\"ReadAction\",\"target\":[\"https:\/\/caleine.com\/\"]}]},{\"@type\":\"ImageObject\",\"inLanguage\":\"ro-RO\",\"@id\":\"https:\/\/caleine.com\/#primaryimage\",\"url\":\"https:\/\/caleine.com\/wp-content\/uploads\/2023\/05\/Caleine-300x197.png\",\"contentUrl\":\"https:\/\/caleine.com\/wp-content\/uploads\/2023\/05\/Caleine-300x197.png\"},{\"@type\":\"BreadcrumbList\",\"@id\":\"https:\/\/caleine.com\/#breadcrumb\",\"itemListElement\":[{\"@type\":\"ListItem\",\"position\":1,\"name\":\"In\u00edcio\",\"item\":\"https:\/\/caleine.com\/\"},{\"@type\":\"ListItem\",\"position\":2,\"name\":\"P\u00e1gina Principal\"}]},{\"@type\":\"WebSite\",\"@id\":\"https:\/\/caleine.com\/#website\",\"url\":\"https:\/\/caleine.com\/\",\"name\":\"\",\"description\":\"Caleine\",\"potentialAction\":[{\"@type\":\"SearchAction\",\"target\":{\"@type\":\"EntryPoint\",\"urlTemplate\":\"https:\/\/caleine.com\/?s={search_term_string}\"},\"query-input\":{\"@type\":\"PropertyValueSpecification\",\"valueRequired\":true,\"valueName\":\"search_term_string\"}}],\"inLanguage\":\"ro-RO\"}]}<\/script>\n<!-- \/ Yoast SEO plugin. -->","yoast_head_json":{"title":"P\u00e1gina Principal -","robots":{"index":"index","follow":"follow","max-snippet":"max-snippet:-1","max-image-preview":"max-image-preview:large","max-video-preview":"max-video-preview:-1"},"canonical":"https:\/\/caleine.com\/ro\/","og_locale":"ro_RO","og_type":"article","og_title":"P\u00e1gina Principal -","og_description":"Bem-vindo ao nosso site! Aqui n\u00f3s nos dedicamos a trazer para nossos usu\u00e1rios as not\u00edcias mais interessantes sobre curiosidades e aplicativos. Temos como objetivo oferecer uma plataforma que possa ser \u00fatil tanto para aqueles que buscam informa\u00e7\u00f5es de entretenimento quanto para aqueles que procuram se manter atualizados com as novidades [&hellip;]","og_url":"https:\/\/caleine.com\/ro\/","article_modified_time":"2023-05-27T23:33:55+00:00","og_image":[{"url":"https:\/\/caleine.com\/wp-content\/uploads\/2023\/05\/Caleine-300x197.png","type":"","width":"","height":""}],"twitter_card":"summary_large_image","twitter_misc":{"Timp estimat pentru citire":"2 minute"},"schema":{"@context":"https:\/\/schema.org","@graph":[{"@type":"WebPage","@id":"https:\/\/caleine.com\/","url":"https:\/\/caleine.com\/","name":"P\u00e1gina Principal -","isPartOf":{"@id":"https:\/\/caleine.com\/#website"},"primaryImageOfPage":{"@id":"https:\/\/caleine.com\/#primaryimage"},"image":{"@id":"https:\/\/caleine.com\/#primaryimage"},"thumbnailUrl":"https:\/\/caleine.com\/wp-content\/uploads\/2023\/05\/Caleine-300x197.png","datePublished":"2023-05-27T23:32:10+00:00","dateModified":"2023-05-27T23:33:55+00:00","breadcrumb":{"@id":"https:\/\/caleine.com\/#breadcrumb"},"inLanguage":"ro-RO","potentialAction":[{"@type":"ReadAction","target":["https:\/\/caleine.com\/"]}]},{"@type":"ImageObject","inLanguage":"ro-RO","@id":"https:\/\/caleine.com\/#primaryimage","url":"https:\/\/caleine.com\/wp-content\/uploads\/2023\/05\/Caleine-300x197.png","contentUrl":"https:\/\/caleine.com\/wp-content\/uploads\/2023\/05\/Caleine-300x197.png"},{"@type":"BreadcrumbList","@id":"https:\/\/caleine.com\/#breadcrumb","itemListElement":[{"@type":"ListItem","position":1,"name":"In\u00edcio","item":"https:\/\/caleine.com\/"},{"@type":"ListItem","position":2,"name":"P\u00e1gina Principal"}]},{"@type":"WebSite","@id":"https:\/\/caleine.com\/#website","url":"https:\/\/caleine.com\/","name":"","description":"Caleine","potentialAction":[{"@type":"SearchAction","target":{"@type":"EntryPoint","urlTemplate":"https:\/\/caleine.com\/?s={search_term_string}"},"query-input":{"@type":"PropertyValueSpecification","valueRequired":true,"valueName":"search_term_string"}}],"inLanguage":"ro-RO"}]}},"_links":{"self":[{"href":"https:\/\/caleine.com\/ro\/wp-json\/wp\/v2\/pages\/98","targetHints":{"allow":["GET"]}}],"collection":[{"href":"https:\/\/caleine.com\/ro\/wp-json\/wp\/v2\/pages"}],"about":[{"href":"https:\/\/caleine.com\/ro\/wp-json\/wp\/v2\/types\/page"}],"author":[{"embeddable":true,"href":"https:\/\/caleine.com\/ro\/wp-json\/wp\/v2\/users\/1"}],"replies":[{"embeddable":true,"href":"https:\/\/caleine.com\/ro\/wp-json\/wp\/v2\/comments?post=98"}],"version-history":[{"count":2,"href":"https:\/\/caleine.com\/ro\/wp-json\/wp\/v2\/pages\/98\/revisions"}],"predecessor-version":[{"id":101,"href":"https:\/\/caleine.com\/ro\/wp-json\/wp\/v2\/pages\/98\/revisions\/101"}],"wp:attachment":[{"href":"https:\/\/caleine.com\/ro\/wp-json\/wp\/v2\/media?parent=98"}],"curies":[{"name":"wp","href":"https:\/\/api.w.org\/{rel}","templated":true}]}}