{"id":98,"date":"2023-05-27T20:32:10","date_gmt":"2023-05-27T23:32:10","guid":{"rendered":"https:\/\/caleine.com\/?page_id=98"},"modified":"2023-05-27T20:33:55","modified_gmt":"2023-05-27T23:33:55","slug":"pagina-principal","status":"publish","type":"page","link":"https:\/\/caleine.com\/tr\/","title":{"rendered":"Ana Sayfa"},"content":{"rendered":"<p>Web sitemize ho\u015fgeldiniz! Burada kullan\u0131c\u0131lar\u0131m\u0131za en ilgin\u00e7 haberleri sunmaya kendimizi adad\u0131k. <strong>merak edilenler ve uygulamalar.<\/strong><\/p>\n<p><img fetchpriority=\"high\" decoding=\"async\" src=\"https:\/\/caleine.com\/wp-content\/uploads\/2023\/05\/Caleine-300x197.png\" alt=\"\" width=\"300\" height=\"197\" class=\"alignnone size-medium wp-image-76 aligncenter\" srcset=\"https:\/\/caleine.com\/wp-content\/uploads\/2023\/05\/Caleine-300x197.png 300w, https:\/\/caleine.com\/wp-content\/uploads\/2023\/05\/Caleine.png 517w\" sizes=\"(max-width: 300px) 100vw, 300px\" \/><\/p>\n<p>Hem e\u011flence bilgisi arayanlar hem de dijital d\u00fcnyadaki haberlerden haberdar olmak isteyenler i\u00e7in faydal\u0131 olabilecek bir platform sunmay\u0131 hedefliyoruz.<\/p>\n<p>Teknoloji ve trivia uzmanlar\u0131ndan olu\u015fan ekibimizle, her g\u00fcn size en iyi hizmeti sunmak i\u00e7in \u00e7al\u0131\u015f\u0131yoruz. <strong>alakal\u0131 ve g\u00fcvenilir i\u00e7erik. <\/strong><\/p>\n<p>Haber se\u00e7imlerimiz okuyucular\u0131m\u0131z\u0131n do\u011fru ve g\u00fcncel bilgilere ula\u015fabilmesi i\u00e7in \u00f6zenle haz\u0131rlanm\u0131\u015ft\u0131r.<\/p>\n<p>Web sitemizde tarihi meraklardan piyasadaki en yeni ve pop\u00fcler uygulamalara kadar \u00e7e\u015fitli konularda haber ve makaleler bulacaks\u0131n\u0131z.<\/p>\n<p>Ek olarak okuyucular\u0131m\u0131z, bu ara\u00e7lar\u0131n nas\u0131l kullan\u0131laca\u011f\u0131 ve \u00f6zelliklerinden en iyi \u015fekilde nas\u0131l yararlan\u0131laca\u011f\u0131 konusunda eksiksiz k\u0131lavuzlara ve e\u011fitimlere de g\u00f6z atabilir.<\/p>\n<p>\u0130ster deneyimli bir kullan\u0131c\u0131 olun ister teknoloji d\u00fcnyas\u0131na yeni ba\u015flayan biri olun, sitemizde herkes i\u00e7in bir \u015feyler var.<\/p>\n<p>\u00c7ok \u00e7e\u015fitli kategori ve konular\u0131n mevcut olmas\u0131 sayesinde hayat\u0131n\u0131z\u0131 kolayla\u015ft\u0131rmak ve daha e\u011flenceli hale getirmek i\u00e7in ihtiyac\u0131n\u0131z olan bilgileri kolayca bulabilirsiniz.<\/p>\n<p>Web sitemizi d\u00fczenli olarak ziyaret ederek mobil uygulamalar, oyunlar, gadget&#039;lar ve merak edilenlerle ilgili en son trendler ve haberlerden haberdar olursunuz.<\/p>\n<p>Ayr\u0131ca do\u011fru ara\u00e7lar\u0131 kullanarak zaman\u0131n\u0131z\u0131 optimize etmenin ve \u00fcretkenli\u011finizi art\u0131rman\u0131n yeni yollar\u0131n\u0131 ke\u015ffetme f\u0131rsat\u0131na da sahip olacaks\u0131n\u0131z.<\/p>\n<p>Ayr\u0131ca web sitemiz tamamen \u00fccretsizdir ve her zaman, her yerde eri\u015filebilir durumdad\u0131r. \u0130\u00e7eri\u011fe eri\u015fmek i\u00e7in kaydolman\u0131za veya \u00f6deme yapman\u0131za gerek yoktur; bu, t\u00fcm bilgilerimizden hi\u00e7bir \u00fccret \u00f6demeden yararlanabilece\u011finiz anlam\u0131na gelir.<\/p>\n<p>K\u0131sacas\u0131 sitemiz g\u00fcvenilir ve kapsaml\u0131 bir haber, merak ve uygulama kayna\u011f\u0131d\u0131r.<\/p>\n<p>D\u00fczenli olarak ziyaret ederek de\u011ferli bilgilere eri\u015febilecek ve genel olarak mobil cihazlar\u0131n\u0131zdan ve teknolojiden en iyi \u015fekilde yararlanabileceksiniz.<\/p>\n<p>O halde daha fazla zaman kaybetmeyin ve sundu\u011fumuz her \u015feyi hemen ke\u015ffetmeye ba\u015flay\u0131n!<\/p>","protected":false},"excerpt":{"rendered":"<p>Web sitemize ho\u015fgeldiniz! Burada kullan\u0131c\u0131lar\u0131m\u0131za merak edilenler ve uygulamalarla ilgili en ilgin\u00e7 haberleri sunmaya kendimizi adad\u0131k. Hem e\u011flence bilgisi arayanlar hem de en son geli\u015fmelerden haberdar olmak isteyenler i\u00e7in faydal\u0131 olabilecek bir platform sunmay\u0131 ama\u00e7l\u0131yoruz.<\/p>","protected":false},"author":1,"featured_media":0,"parent":0,"menu_order":0,"comment_status":"closed","ping_status":"closed","template":"","meta":{"footnotes":""},"class_list":["post-98","page","type-page","status-publish","hentry"],"yoast_head":"<!-- This site is optimized with the Yoast SEO plugin v24.5 - https:\/\/yoast.com\/wordpress\/plugins\/seo\/ -->\n<title>P\u00e1gina Principal -<\/title>\n<meta name=\"robots\" content=\"index, follow, max-snippet:-1, max-image-preview:large, max-video-preview:-1\" \/>\n<link rel=\"canonical\" href=\"https:\/\/caleine.com\/tr\/\" \/>\n<meta property=\"og:locale\" content=\"tr_TR\" \/>\n<meta property=\"og:type\" content=\"article\" \/>\n<meta property=\"og:title\" content=\"P\u00e1gina Principal -\" \/>\n<meta property=\"og:description\" content=\"Bem-vindo ao nosso site! Aqui n\u00f3s nos dedicamos a trazer para nossos usu\u00e1rios as not\u00edcias mais interessantes sobre curiosidades e aplicativos. Temos como objetivo oferecer uma plataforma que possa ser \u00fatil tanto para aqueles que buscam informa\u00e7\u00f5es de entretenimento quanto para aqueles que procuram se manter atualizados com as novidades [&hellip;]\" \/>\n<meta property=\"og:url\" content=\"https:\/\/caleine.com\/tr\/\" \/>\n<meta property=\"article:modified_time\" content=\"2023-05-27T23:33:55+00:00\" \/>\n<meta property=\"og:image\" content=\"https:\/\/caleine.com\/wp-content\/uploads\/2023\/05\/Caleine-300x197.png\" \/>\n<meta name=\"twitter:card\" content=\"summary_large_image\" \/>\n<meta name=\"twitter:label1\" content=\"Tahmini okuma s\u00fcresi\" \/>\n\t<meta name=\"twitter:data1\" content=\"2 dakika\" \/>\n<script type=\"application\/ld+json\" class=\"yoast-schema-graph\">{\"@context\":\"https:\/\/schema.org\",\"@graph\":[{\"@type\":\"WebPage\",\"@id\":\"https:\/\/caleine.com\/\",\"url\":\"https:\/\/caleine.com\/\",\"name\":\"P\u00e1gina Principal -\",\"isPartOf\":{\"@id\":\"https:\/\/caleine.com\/#website\"},\"primaryImageOfPage\":{\"@id\":\"https:\/\/caleine.com\/#primaryimage\"},\"image\":{\"@id\":\"https:\/\/caleine.com\/#primaryimage\"},\"thumbnailUrl\":\"https:\/\/caleine.com\/wp-content\/uploads\/2023\/05\/Caleine-300x197.png\",\"datePublished\":\"2023-05-27T23:32:10+00:00\",\"dateModified\":\"2023-05-27T23:33:55+00:00\",\"breadcrumb\":{\"@id\":\"https:\/\/caleine.com\/#breadcrumb\"},\"inLanguage\":\"tr\",\"potentialAction\":[{\"@type\":\"ReadAction\",\"target\":[\"https:\/\/caleine.com\/\"]}]},{\"@type\":\"ImageObject\",\"inLanguage\":\"tr\",\"@id\":\"https:\/\/caleine.com\/#primaryimage\",\"url\":\"https:\/\/caleine.com\/wp-content\/uploads\/2023\/05\/Caleine-300x197.png\",\"contentUrl\":\"https:\/\/caleine.com\/wp-content\/uploads\/2023\/05\/Caleine-300x197.png\"},{\"@type\":\"BreadcrumbList\",\"@id\":\"https:\/\/caleine.com\/#breadcrumb\",\"itemListElement\":[{\"@type\":\"ListItem\",\"position\":1,\"name\":\"In\u00edcio\",\"item\":\"https:\/\/caleine.com\/\"},{\"@type\":\"ListItem\",\"position\":2,\"name\":\"P\u00e1gina Principal\"}]},{\"@type\":\"WebSite\",\"@id\":\"https:\/\/caleine.com\/#website\",\"url\":\"https:\/\/caleine.com\/\",\"name\":\"\",\"description\":\"Caleine\",\"potentialAction\":[{\"@type\":\"SearchAction\",\"target\":{\"@type\":\"EntryPoint\",\"urlTemplate\":\"https:\/\/caleine.com\/?s={search_term_string}\"},\"query-input\":{\"@type\":\"PropertyValueSpecification\",\"valueRequired\":true,\"valueName\":\"search_term_string\"}}],\"inLanguage\":\"tr\"}]}<\/script>\n<!-- \/ Yoast SEO plugin. -->","yoast_head_json":{"title":"P\u00e1gina Principal -","robots":{"index":"index","follow":"follow","max-snippet":"max-snippet:-1","max-image-preview":"max-image-preview:large","max-video-preview":"max-video-preview:-1"},"canonical":"https:\/\/caleine.com\/tr\/","og_locale":"tr_TR","og_type":"article","og_title":"P\u00e1gina Principal -","og_description":"Bem-vindo ao nosso site! Aqui n\u00f3s nos dedicamos a trazer para nossos usu\u00e1rios as not\u00edcias mais interessantes sobre curiosidades e aplicativos. Temos como objetivo oferecer uma plataforma que possa ser \u00fatil tanto para aqueles que buscam informa\u00e7\u00f5es de entretenimento quanto para aqueles que procuram se manter atualizados com as novidades [&hellip;]","og_url":"https:\/\/caleine.com\/tr\/","article_modified_time":"2023-05-27T23:33:55+00:00","og_image":[{"url":"https:\/\/caleine.com\/wp-content\/uploads\/2023\/05\/Caleine-300x197.png","type":"","width":"","height":""}],"twitter_card":"summary_large_image","twitter_misc":{"Tahmini okuma s\u00fcresi":"2 dakika"},"schema":{"@context":"https:\/\/schema.org","@graph":[{"@type":"WebPage","@id":"https:\/\/caleine.com\/","url":"https:\/\/caleine.com\/","name":"P\u00e1gina Principal -","isPartOf":{"@id":"https:\/\/caleine.com\/#website"},"primaryImageOfPage":{"@id":"https:\/\/caleine.com\/#primaryimage"},"image":{"@id":"https:\/\/caleine.com\/#primaryimage"},"thumbnailUrl":"https:\/\/caleine.com\/wp-content\/uploads\/2023\/05\/Caleine-300x197.png","datePublished":"2023-05-27T23:32:10+00:00","dateModified":"2023-05-27T23:33:55+00:00","breadcrumb":{"@id":"https:\/\/caleine.com\/#breadcrumb"},"inLanguage":"tr","potentialAction":[{"@type":"ReadAction","target":["https:\/\/caleine.com\/"]}]},{"@type":"ImageObject","inLanguage":"tr","@id":"https:\/\/caleine.com\/#primaryimage","url":"https:\/\/caleine.com\/wp-content\/uploads\/2023\/05\/Caleine-300x197.png","contentUrl":"https:\/\/caleine.com\/wp-content\/uploads\/2023\/05\/Caleine-300x197.png"},{"@type":"BreadcrumbList","@id":"https:\/\/caleine.com\/#breadcrumb","itemListElement":[{"@type":"ListItem","position":1,"name":"In\u00edcio","item":"https:\/\/caleine.com\/"},{"@type":"ListItem","position":2,"name":"P\u00e1gina Principal"}]},{"@type":"WebSite","@id":"https:\/\/caleine.com\/#website","url":"https:\/\/caleine.com\/","name":"","description":"Caleine","potentialAction":[{"@type":"SearchAction","target":{"@type":"EntryPoint","urlTemplate":"https:\/\/caleine.com\/?s={search_term_string}"},"query-input":{"@type":"PropertyValueSpecification","valueRequired":true,"valueName":"search_term_string"}}],"inLanguage":"tr"}]}},"_links":{"self":[{"href":"https:\/\/caleine.com\/tr\/wp-json\/wp\/v2\/pages\/98","targetHints":{"allow":["GET"]}}],"collection":[{"href":"https:\/\/caleine.com\/tr\/wp-json\/wp\/v2\/pages"}],"about":[{"href":"https:\/\/caleine.com\/tr\/wp-json\/wp\/v2\/types\/page"}],"author":[{"embeddable":true,"href":"https:\/\/caleine.com\/tr\/wp-json\/wp\/v2\/users\/1"}],"replies":[{"embeddable":true,"href":"https:\/\/caleine.com\/tr\/wp-json\/wp\/v2\/comments?post=98"}],"version-history":[{"count":2,"href":"https:\/\/caleine.com\/tr\/wp-json\/wp\/v2\/pages\/98\/revisions"}],"predecessor-version":[{"id":101,"href":"https:\/\/caleine.com\/tr\/wp-json\/wp\/v2\/pages\/98\/revisions\/101"}],"wp:attachment":[{"href":"https:\/\/caleine.com\/tr\/wp-json\/wp\/v2\/media?parent=98"}],"curies":[{"name":"wp","href":"https:\/\/api.w.org\/{rel}","templated":true}]}}