{"id":10,"date":"2023-05-07T03:08:43","date_gmt":"2023-05-07T06:08:43","guid":{"rendered":"https:\/\/caleine.com\/?page_id=10"},"modified":"2023-05-07T03:08:43","modified_gmt":"2023-05-07T06:08:43","slug":"termos-e-condicoes","status":"publish","type":"page","link":"https:\/\/caleine.com\/zh\/termos-e-condicoes\/","title":{"rendered":"\u6761\u6b3e\u548c\u6761\u4ef6"},"content":{"rendered":"<h2><span style=\"color: #444444;\">1. \u6761\u6b3e<\/span><\/h2>\n<p><span style=\"color: #444444;\">\u8bbf\u95ee\u7f51\u7ad9\u65f6 <a href=\"https:\/\/caleine.com\/zh\/\">\u5361\u83b1\u56e0<\/a>\uff0c\u540c\u610f\u9075\u5b88\u8fd9\u4e9b\u670d\u52a1\u6761\u6b3e\u3001\u6240\u6709\u9002\u7528\u7684\u6cd5\u5f8b\u548c\u6cd5\u89c4\uff0c\u5e76\u540c\u610f\u60a8\u6709\u8d23\u4efb\u9075\u5b88\u6240\u6709\u9002\u7528\u7684\u5f53\u5730\u6cd5\u5f8b\u3002\u5982\u679c\u60a8\u4e0d\u540c\u610f\u8fd9\u4e9b\u6761\u6b3e\u4e2d\u7684\u4efb\u4f55\u4e00\u9879\uff0c\u60a8\u5c06\u88ab\u7981\u6b62\u4f7f\u7528\u6216\u8bbf\u95ee\u672c\u7f51\u7ad9\u3002\u672c\u7f51\u7ad9\u5305\u542b\u7684\u6750\u6599\u53d7\u9002\u7528\u7684\u7248\u6743\u548c\u5546\u6807\u6cd5\u7684\u4fdd\u62a4\u3002<\/span><\/p>\n<h2><span style=\"color: #444444;\">2. \u8bb8\u53ef\u8bc1\u7684\u4f7f\u7528<\/span><\/h2>\n<p><span style=\"color: #444444;\">\u5141\u8bb8\u4e34\u65f6\u4e0b\u8f7d Caleine \u7f51\u7ad9\u4e0a\u7684\u6750\u6599\uff08\u4fe1\u606f\u6216\u8f6f\u4ef6\uff09\u7684\u4e00\u4efd\u526f\u672c\uff0c\u4ec5\u4f9b\u4e2a\u4eba\u3001\u975e\u5546\u4e1a\u6027\u77ed\u6682\u67e5\u770b\u3002\u8fd9\u662f\u6388\u4e88\u8bb8\u53ef\uff0c\u800c\u4e0d\u662f\u6240\u6709\u6743\u8f6c\u8ba9\uff0c\u6839\u636e\u672c\u8bb8\u53ef\uff0c\u60a8\u4e0d\u5f97\uff1a\u00a0<\/span><\/p>\n<ol>\n<li><span style=\"color: #444444;\">\u4fee\u6539\u6216\u590d\u5236\u6750\u6599\uff1b\u00a0<\/span><\/li>\n<li><span style=\"color: #444444;\">\u5c06\u8fd9\u4e9b\u6750\u6599\u7528\u4e8e\u4efb\u4f55\u5546\u4e1a\u76ee\u7684\u6216\u516c\u5f00\u5c55\u793a\uff08\u5546\u4e1a\u6216\u975e\u5546\u4e1a\uff09\uff1b\u00a0<\/span><\/li>\n<li><span style=\"color: #444444;\">\u5c1d\u8bd5\u5bf9 Caleine \u7f51\u7ad9\u4e0a\u5305\u542b\u7684\u4efb\u4f55\u8f6f\u4ef6\u8fdb\u884c\u53cd\u7f16\u8bd1\u6216\u9006\u5411\u5de5\u7a0b\uff1b\u00a0<\/span><\/li>\n<li><span style=\"color: #444444;\">\u4ece\u6750\u6599\u4e2d\u5220\u9664\u4efb\u4f55\u7248\u6743\u6216\u5176\u4ed6\u4e13\u6709\u7b26\u53f7\uff1b\u6216\u8005\u00a0<\/span><\/li>\n<li><span style=\"color: #444444;\">\u5c06\u6750\u6599\u4f20\u8f93\u7ed9\u5176\u4ed6\u4eba\u6216\u5728\u4efb\u4f55\u5176\u4ed6\u670d\u52a1\u5668\u4e0a\u201c\u955c\u50cf\u201d\u6750\u6599\u3002<\/span><\/li>\n<\/ol>\n<p><span style=\"color: #444444;\">\u5982\u679c\u60a8\u8fdd\u53cd\u4efb\u4f55\u8fd9\u4e9b\u9650\u5236\uff0c\u8be5\u8bb8\u53ef\u5c06\u81ea\u52a8\u7ec8\u6b62\uff0c\u5e76\u4e14 Caleine \u53ef\u80fd\u968f\u65f6\u7ec8\u6b62\u8be5\u8bb8\u53ef\u3002\u505c\u6b62\u67e5\u770b\u8fd9\u4e9b\u6750\u6599\u6216\u7ec8\u6b62\u672c\u8bb8\u53ef\u540e\uff0c\u60a8\u5fc5\u987b\u5220\u9664\u60a8\u62e5\u6709\u7684\u6240\u6709\u4e0b\u8f7d\u6750\u6599\uff0c\u65e0\u8bba\u662f\u7535\u5b50\u683c\u5f0f\u8fd8\u662f\u5370\u5237\u683c\u5f0f\u3002<\/span><\/p>\n<h2><span style=\"color: #444444;\">3. \u514d\u8d23\u58f0\u660e<\/span><\/h2>\n<ol>\n<li><span style=\"color: #444444;\">Caleine \u7f51\u7ad9\u4e0a\u7684\u6750\u6599\u201c\u6309\u539f\u6837\u201d\u63d0\u4f9b\u3002 Caleine \u4e0d\u505a\u4efb\u4f55\u660e\u793a\u6216\u6697\u793a\u7684\u4fdd\u8bc1\uff0c\u5e76\u7279\u6b64\u5426\u8ba4\u5e76\u5426\u8ba4\u6240\u6709\u5176\u4ed6\u4fdd\u8bc1\uff0c\u5305\u62ec\u4f46\u4e0d\u9650\u4e8e\u9002\u9500\u6027\u3001\u7279\u5b9a\u7528\u9014\u7684\u9002\u7528\u6027\u6216\u4e0d\u4fb5\u72af\u77e5\u8bc6\u4ea7\u6743\u6216\u5176\u4ed6\u4fb5\u72af\u6743\u5229\u7684\u6697\u793a\u4fdd\u8bc1\u6216\u6761\u4ef6\u3002<\/span><\/li>\n<li><span style=\"color: #444444;\">\u6b64\u5916\uff0cCaleine \u4e0d\u4fdd\u8bc1\u6216\u5c31\u5176\u7f51\u7ad9\u4e0a\u6216\u4e0e\u8fd9\u4e9b\u6750\u6599\u6216\u4e0e\u672c\u7f51\u7ad9\u94fe\u63a5\u7684\u7f51\u7ad9\u4e0a\u7684\u6750\u6599\u7684\u4f7f\u7528\u7684\u51c6\u786e\u6027\u3001\u53ef\u80fd\u7684\u7ed3\u679c\u6216\u53ef\u9760\u6027\u505a\u51fa\u4efb\u4f55\u9648\u8ff0\u3002<\/span><\/li>\n<\/ol>\n<h2><span style=\"color: #444444;\">4. \u5c40\u9650\u6027<\/span><\/h2>\n<p><span style=\"color: #444444;\">\u5728\u4efb\u4f55\u60c5\u51b5\u4e0b\uff0cCaleine \u6216\u5176\u4f9b\u5e94\u5546\u5747\u4e0d\u5bf9\u56e0\u4f7f\u7528\u6216\u65e0\u6cd5\u4f7f\u7528 Caleine \u4e0a\u7684\u6750\u6599\u800c\u9020\u6210\u7684\u4efb\u4f55\u635f\u5bb3\uff08\u5305\u62ec\u4f46\u4e0d\u9650\u4e8e\u6570\u636e\u6216\u5229\u6da6\u635f\u5931\u6216\u7531\u4e8e\u4e1a\u52a1\u4e2d\u65ad\u800c\u9020\u6210\u7684\u635f\u5bb3\uff09\u627f\u62c5\u8d23\u4efb\uff0c\u5373\u4f7f Caleine \u6216Caleine \u7684\u6388\u6743\u4ee3\u8868\u5df2\u88ab\u53e3\u5934\u6216\u4e66\u9762\u544a\u77e5\u53d1\u751f\u6b64\u7c7b\u635f\u5bb3\u7684\u53ef\u80fd\u6027\u3002\u7531\u4e8e\u67d0\u4e9b\u53f8\u6cd5\u7ba1\u8f96\u533a\u4e0d\u5141\u8bb8\u9650\u5236\u9ed8\u793a\u4fdd\u8bc1\u6216\u9650\u5236\u95f4\u63a5\u6216\u9644\u5e26\u635f\u5bb3\u7684\u8d23\u4efb\uff0c\u56e0\u6b64\u8fd9\u4e9b\u9650\u5236\u53ef\u80fd\u4e0d\u9002\u7528\u4e8e\u60a8\u3002<\/span><\/p>\n<h2><span style=\"color: #444444;\">5\u3001\u6750\u6599\u7684\u51c6\u786e\u6027<\/span><\/h2>\n<p><span style=\"color: #444444;\">\u5361\u7433\u7f51\u7ad9\u4e0a\u51fa\u73b0\u7684\u6750\u6599\u53ef\u80fd\u5305\u542b\u6280\u672f\u3001\u5370\u5237\u6216\u7167\u7247\u9519\u8bef\u3002 Caleine \u4e0d\u4fdd\u8bc1\u5176\u7f51\u7ad9\u4e0a\u7684\u4efb\u4f55\u6750\u6599\u90fd\u662f\u51c6\u786e\u3001\u5b8c\u6574\u6216\u6700\u65b0\u7684\u3002 Caleine \u53ef\u80fd\u968f\u65f6\u66f4\u6539\u5176\u7f51\u7ad9\u4e0a\u5305\u542b\u7684\u6750\u6599\uff0c\u6055\u4e0d\u53e6\u884c\u901a\u77e5\u3002\u7136\u800c\uff0cCaleine \u4e0d\u627f\u8bfa\u66f4\u65b0\u6750\u6599\u3002<\/span><\/p>\n<h2><span style=\"color: #444444;\">6. \u94fe\u63a5<\/span><\/h2>\n<p><span style=\"color: #444444;\">Caleine \u5e76\u672a\u5ba1\u67e5\u4e0e\u5176\u7f51\u7ad9\u94fe\u63a5\u7684\u6240\u6709\u7f51\u7ad9\uff0c\u4e5f\u4e0d\u5bf9\u4efb\u4f55\u6b64\u7c7b\u94fe\u63a5\u7f51\u7ad9\u7684\u5185\u5bb9\u8d1f\u8d23\u3002\u5305\u542b\u4efb\u4f55\u94fe\u63a5\u5e76\u4e0d\u610f\u5473\u7740 Caleine \u8ba4\u53ef\u8be5\u7f51\u7ad9\u3002\u4f7f\u7528\u4efb\u4f55\u94fe\u63a5\u7f51\u7ad9\u7684\u98ce\u9669\u7531\u7528\u6237\u81ea\u884c\u627f\u62c5\u3002<\/span><\/p>\n<p>&nbsp;<\/p>\n<h3><span style=\"color: #444444;\">\u4fee\u6539<\/span><\/h3>\n<p><span style=\"color: #444444;\">Caleine \u53ef\u4ee5\u968f\u65f6\u4fee\u6539\u5176\u7f51\u7ad9\u7684\u8fd9\u4e9b\u670d\u52a1\u6761\u6b3e\uff0c\u6055\u4e0d\u53e6\u884c\u901a\u77e5\u3002\u4f7f\u7528\u672c\u7f51\u7ad9\u5373\u8868\u793a\u60a8\u540c\u610f\u53d7\u8fd9\u4e9b\u670d\u52a1\u6761\u6b3e\u7684\u5f53\u524d\u7248\u672c\u7684\u7ea6\u675f\u3002<\/span><\/p>\n<h3><span style=\"color: #444444;\">\u9002\u7528\u6cd5\u5f8b<\/span><\/h3>\n<p><span style=\"color: #444444;\">\u8fd9\u4e9b\u6761\u6b3e\u548c\u6761\u4ef6\u53d7 Caleine \u6cd5\u5f8b\u7ba1\u8f96\u5e76\u6839\u636e\u5176\u89e3\u91ca\uff0c\u5e76\u4e14\u60a8\u4e0d\u53ef\u64a4\u9500\u5730\u670d\u4ece\u8be5\u5dde\u6216\u5f53\u5730\u6cd5\u9662\u7684\u4e13\u5c5e\u7ba1\u8f96\u6743\u3002<\/span><\/p>","protected":false},"excerpt":{"rendered":"<p>1. Termos Ao acessar ao site Caleine, concorda em cumprir estes termos de servi\u00e7o, todas as leis e regulamentos aplic\u00e1veis \u200b\u200be concorda que \u00e9 respons\u00e1vel pelo cumprimento de todas as leis locais aplic\u00e1veis. Se voc\u00ea n\u00e3o concordar com algum desses termos, est\u00e1 proibido de usar ou acessar este site. Os [&hellip;]<\/p>","protected":false},"author":1,"featured_media":0,"parent":0,"menu_order":0,"comment_status":"closed","ping_status":"closed","template":"","meta":{"footnotes":""},"class_list":["post-10","page","type-page","status-publish","hentry"],"yoast_head":"<!-- This site is optimized with the Yoast SEO plugin v24.5 - https:\/\/yoast.com\/wordpress\/plugins\/seo\/ -->\n<title>Termos e Condi\u00e7\u00f5es -<\/title>\n<meta name=\"robots\" content=\"index, follow, max-snippet:-1, max-image-preview:large, max-video-preview:-1\" \/>\n<link rel=\"canonical\" href=\"https:\/\/caleine.com\/zh\/termos-e-condicoes\/\" \/>\n<meta property=\"og:locale\" content=\"zh_CN\" \/>\n<meta property=\"og:type\" content=\"article\" \/>\n<meta property=\"og:title\" content=\"Termos e Condi\u00e7\u00f5es -\" \/>\n<meta property=\"og:description\" content=\"1. Termos Ao acessar ao site Caleine, concorda em cumprir estes termos de servi\u00e7o, todas as leis e regulamentos aplic\u00e1veis \u200b\u200be concorda que \u00e9 respons\u00e1vel pelo cumprimento de todas as leis locais aplic\u00e1veis. Se voc\u00ea n\u00e3o concordar com algum desses termos, est\u00e1 proibido de usar ou acessar este site. Os [&hellip;]\" \/>\n<meta property=\"og:url\" content=\"https:\/\/caleine.com\/zh\/termos-e-condicoes\/\" \/>\n<meta name=\"twitter:card\" content=\"summary_large_image\" \/>\n<meta name=\"twitter:label1\" content=\"\u9884\u8ba1\u9605\u8bfb\u65f6\u95f4\" \/>\n\t<meta name=\"twitter:data1\" content=\"3 \u5206\" \/>\n<script type=\"application\/ld+json\" class=\"yoast-schema-graph\">{\"@context\":\"https:\/\/schema.org\",\"@graph\":[{\"@type\":\"WebPage\",\"@id\":\"https:\/\/caleine.com\/termos-e-condicoes\/\",\"url\":\"https:\/\/caleine.com\/termos-e-condicoes\/\",\"name\":\"Termos e Condi\u00e7\u00f5es -\",\"isPartOf\":{\"@id\":\"https:\/\/caleine.com\/#website\"},\"datePublished\":\"2023-05-07T06:08:43+00:00\",\"breadcrumb\":{\"@id\":\"https:\/\/caleine.com\/termos-e-condicoes\/#breadcrumb\"},\"inLanguage\":\"zh-Hans\",\"potentialAction\":[{\"@type\":\"ReadAction\",\"target\":[\"https:\/\/caleine.com\/termos-e-condicoes\/\"]}]},{\"@type\":\"BreadcrumbList\",\"@id\":\"https:\/\/caleine.com\/termos-e-condicoes\/#breadcrumb\",\"itemListElement\":[{\"@type\":\"ListItem\",\"position\":1,\"name\":\"In\u00edcio\",\"item\":\"https:\/\/caleine.com\/\"},{\"@type\":\"ListItem\",\"position\":2,\"name\":\"Termos e Condi\u00e7\u00f5es\"}]},{\"@type\":\"WebSite\",\"@id\":\"https:\/\/caleine.com\/#website\",\"url\":\"https:\/\/caleine.com\/\",\"name\":\"\",\"description\":\"Caleine\",\"potentialAction\":[{\"@type\":\"SearchAction\",\"target\":{\"@type\":\"EntryPoint\",\"urlTemplate\":\"https:\/\/caleine.com\/?s={search_term_string}\"},\"query-input\":{\"@type\":\"PropertyValueSpecification\",\"valueRequired\":true,\"valueName\":\"search_term_string\"}}],\"inLanguage\":\"zh-Hans\"}]}<\/script>\n<!-- \/ Yoast SEO plugin. -->","yoast_head_json":{"title":"Termos e Condi\u00e7\u00f5es -","robots":{"index":"index","follow":"follow","max-snippet":"max-snippet:-1","max-image-preview":"max-image-preview:large","max-video-preview":"max-video-preview:-1"},"canonical":"https:\/\/caleine.com\/zh\/termos-e-condicoes\/","og_locale":"zh_CN","og_type":"article","og_title":"Termos e Condi\u00e7\u00f5es -","og_description":"1. Termos Ao acessar ao site Caleine, concorda em cumprir estes termos de servi\u00e7o, todas as leis e regulamentos aplic\u00e1veis \u200b\u200be concorda que \u00e9 respons\u00e1vel pelo cumprimento de todas as leis locais aplic\u00e1veis. Se voc\u00ea n\u00e3o concordar com algum desses termos, est\u00e1 proibido de usar ou acessar este site. Os [&hellip;]","og_url":"https:\/\/caleine.com\/zh\/termos-e-condicoes\/","twitter_card":"summary_large_image","twitter_misc":{"\u9884\u8ba1\u9605\u8bfb\u65f6\u95f4":"3 \u5206"},"schema":{"@context":"https:\/\/schema.org","@graph":[{"@type":"WebPage","@id":"https:\/\/caleine.com\/termos-e-condicoes\/","url":"https:\/\/caleine.com\/termos-e-condicoes\/","name":"Termos e Condi\u00e7\u00f5es -","isPartOf":{"@id":"https:\/\/caleine.com\/#website"},"datePublished":"2023-05-07T06:08:43+00:00","breadcrumb":{"@id":"https:\/\/caleine.com\/termos-e-condicoes\/#breadcrumb"},"inLanguage":"zh-Hans","potentialAction":[{"@type":"ReadAction","target":["https:\/\/caleine.com\/termos-e-condicoes\/"]}]},{"@type":"BreadcrumbList","@id":"https:\/\/caleine.com\/termos-e-condicoes\/#breadcrumb","itemListElement":[{"@type":"ListItem","position":1,"name":"In\u00edcio","item":"https:\/\/caleine.com\/"},{"@type":"ListItem","position":2,"name":"Termos e Condi\u00e7\u00f5es"}]},{"@type":"WebSite","@id":"https:\/\/caleine.com\/#website","url":"https:\/\/caleine.com\/","name":"","description":"Caleine","potentialAction":[{"@type":"SearchAction","target":{"@type":"EntryPoint","urlTemplate":"https:\/\/caleine.com\/?s={search_term_string}"},"query-input":{"@type":"PropertyValueSpecification","valueRequired":true,"valueName":"search_term_string"}}],"inLanguage":"zh-Hans"}]}},"_links":{"self":[{"href":"https:\/\/caleine.com\/zh\/wp-json\/wp\/v2\/pages\/10","targetHints":{"allow":["GET"]}}],"collection":[{"href":"https:\/\/caleine.com\/zh\/wp-json\/wp\/v2\/pages"}],"about":[{"href":"https:\/\/caleine.com\/zh\/wp-json\/wp\/v2\/types\/page"}],"author":[{"embeddable":true,"href":"https:\/\/caleine.com\/zh\/wp-json\/wp\/v2\/users\/1"}],"replies":[{"embeddable":true,"href":"https:\/\/caleine.com\/zh\/wp-json\/wp\/v2\/comments?post=10"}],"version-history":[{"count":1,"href":"https:\/\/caleine.com\/zh\/wp-json\/wp\/v2\/pages\/10\/revisions"}],"predecessor-version":[{"id":11,"href":"https:\/\/caleine.com\/zh\/wp-json\/wp\/v2\/pages\/10\/revisions\/11"}],"wp:attachment":[{"href":"https:\/\/caleine.com\/zh\/wp-json\/wp\/v2\/media?parent=10"}],"curies":[{"name":"wp","href":"https:\/\/api.w.org\/{rel}","templated":true}]}}