{"id":98,"date":"2023-05-27T20:32:10","date_gmt":"2023-05-27T23:32:10","guid":{"rendered":"https:\/\/caleine.com\/?page_id=98"},"modified":"2023-05-27T20:33:55","modified_gmt":"2023-05-27T23:33:55","slug":"pagina-principal","status":"publish","type":"page","link":"https:\/\/caleine.com\/zh\/","title":{"rendered":"\u4e3b\u9875"},"content":{"rendered":"<p>\u6b22\u8fce\u6765\u5230\u6211\u4eec\u7684\u7f51\u7ad9\uff01\u5728\u8fd9\u91cc\uff0c\u6211\u4eec\u81f4\u529b\u4e8e\u4e3a\u6211\u4eec\u7684\u7528\u6237\u5e26\u6765\u6700\u6709\u8da3\u7684\u65b0\u95fb <strong>\u597d\u5947\u5fc3\u548c\u5e94\u7528\u3002<\/strong><\/p>\n<p><img fetchpriority=\"high\" decoding=\"async\" src=\"https:\/\/caleine.com\/wp-content\/uploads\/2023\/05\/Caleine-300x197.png\" alt=\"\" width=\"300\" height=\"197\" class=\"alignnone size-medium wp-image-76 aligncenter\" srcset=\"https:\/\/caleine.com\/wp-content\/uploads\/2023\/05\/Caleine-300x197.png 300w, https:\/\/caleine.com\/wp-content\/uploads\/2023\/05\/Caleine.png 517w\" sizes=\"(max-width: 300px) 100vw, 300px\" \/><\/p>\n<p>\u6211\u4eec\u7684\u76ee\u6807\u662f\u63d0\u4f9b\u4e00\u4e2a\u5e73\u53f0\uff0c\u8be5\u5e73\u53f0\u5bf9\u90a3\u4e9b\u5bfb\u627e\u5a31\u4e50\u4fe1\u606f\u7684\u4eba\u548c\u90a3\u4e9b\u5e0c\u671b\u4e86\u89e3\u6570\u5b57\u4e16\u754c\u6700\u65b0\u6d88\u606f\u7684\u4eba\u90fd\u6709\u7528\u3002<\/p>\n<p>\u51ed\u501f\u6211\u4eec\u7684\u6280\u672f\u548c\u7410\u4e8b\u4e13\u5bb6\u56e2\u961f\uff0c\u6211\u4eec\u6bcf\u5929\u90fd\u5728\u52aa\u529b\u63d0\u4f9b <strong>\u76f8\u5173\u4e14\u53ef\u4fe1\u7684\u5185\u5bb9\u3002 <\/strong><\/p>\n<p>\u6211\u4eec\u7cbe\u5fc3\u6311\u9009\u65b0\u95fb\uff0c\u4ee5\u786e\u4fdd\u6211\u4eec\u7684\u8bfb\u8005\u80fd\u591f\u83b7\u5f97\u51c6\u786e\u548c\u6700\u65b0\u7684\u4fe1\u606f\u3002<\/p>\n<p>\u5728\u6211\u4eec\u7684\u7f51\u7ad9\u4e0a\uff0c\u60a8\u4f1a\u627e\u5230\u5173\u4e8e\u5404\u79cd\u4e3b\u9898\u7684\u65b0\u95fb\u548c\u6587\u7ae0\uff0c\u4ece\u5386\u53f2\u5947\u95fb\u5230\u5e02\u573a\u4e0a\u6700\u65b0\u548c\u6700\u53d7\u6b22\u8fce\u7684\u5e94\u7528\u7a0b\u5e8f\u3002<\/p>\n<p>\u6b64\u5916\uff0c\u6211\u4eec\u7684\u8bfb\u8005\u8fd8\u53ef\u4ee5\u67e5\u770b\u6709\u5173\u5982\u4f55\u4f7f\u7528\u8fd9\u4e9b\u5de5\u5177\u5e76\u5145\u5206\u5229\u7528\u5176\u529f\u80fd\u7684\u5b8c\u6574\u6307\u5357\u548c\u6559\u7a0b\u3002<\/p>\n<p>\u65e0\u8bba\u60a8\u662f\u7ecf\u9a8c\u4e30\u5bcc\u7684\u7528\u6237\u8fd8\u662f\u6280\u672f\u9886\u57df\u7684\u65b0\u624b\uff0c\u6211\u4eec\u7684\u7f51\u7ad9\u90fd\u80fd\u6ee1\u8db3\u6bcf\u4e2a\u4eba\u7684\u9700\u6c42\u3002<\/p>\n<p>\u501f\u52a9\u5404\u79cd\u53ef\u7528\u7684\u7c7b\u522b\u548c\u4e3b\u9898\uff0c\u60a8\u53ef\u4ee5\u8f7b\u677e\u627e\u5230\u6240\u9700\u7684\u4fe1\u606f\uff0c\u8ba9\u60a8\u7684\u751f\u6d3b\u66f4\u8f7b\u677e\u3001\u66f4\u6709\u8da3\u3002<\/p>\n<p>\u901a\u8fc7\u5b9a\u671f\u8bbf\u95ee\u6211\u4eec\u7684\u7f51\u7ad9\uff0c\u60a8\u5c06\u638c\u63e1\u79fb\u52a8\u5e94\u7528\u7a0b\u5e8f\u3001\u6e38\u620f\u3001\u5c0f\u5de5\u5177\u548c\u597d\u5947\u5fc3\u65b9\u9762\u7684\u6700\u65b0\u8d8b\u52bf\u548c\u65b0\u95fb\u3002<\/p>\n<p>\u60a8\u8fd8\u5c06\u6709\u673a\u4f1a\u53d1\u73b0\u4f7f\u7528\u6b63\u786e\u5de5\u5177\u4f18\u5316\u65f6\u95f4\u548c\u63d0\u9ad8\u5de5\u4f5c\u6548\u7387\u7684\u65b0\u65b9\u6cd5\u3002<\/p>\n<p>\u6b64\u5916\uff0c\u6211\u4eec\u7684\u7f51\u7ad9\u662f\u5b8c\u5168\u514d\u8d39\u7684\uff0c\u53ef\u4ee5\u968f\u65f6\u968f\u5730\u8bbf\u95ee\u3002\u65e0\u9700\u6ce8\u518c\u6216\u4ed8\u8d39\u5373\u53ef\u8bbf\u95ee\u5185\u5bb9\uff0c\u8fd9\u610f\u5473\u7740\u60a8\u53ef\u4ee5\u514d\u8d39\u4eab\u53d7\u6211\u4eec\u7684\u6240\u6709\u4fe1\u606f\u3002<\/p>\n<p>\u7b80\u800c\u8a00\u4e4b\uff0c\u6211\u4eec\u7684\u7f51\u7ad9\u662f\u65b0\u95fb\u3001\u7410\u4e8b\u548c\u5e94\u7528\u7a0b\u5e8f\u7684\u53ef\u9760\u4e14\u5168\u9762\u7684\u6765\u6e90\u3002<\/p>\n<p>\u901a\u8fc7\u5b9a\u671f\u8bbf\u95ee\u5b83\uff0c\u60a8\u5c06\u83b7\u5f97\u6709\u4ef7\u503c\u7684\u4fe1\u606f\uff0c\u5e76\u80fd\u591f\u5145\u5206\u5229\u7528\u60a8\u7684\u79fb\u52a8\u8bbe\u5907\u548c\u6280\u672f\u3002<\/p>\n<p>\u6240\u4ee5\uff0c\u4e0d\u8981\u518d\u6d6a\u8d39\u65f6\u95f4\u4e86\uff0c\u73b0\u5728\u5c31\u5f00\u59cb\u63a2\u7d22\u6211\u4eec\u6240\u63d0\u4f9b\u7684\u4e00\u5207\u5427\uff01<\/p>","protected":false},"excerpt":{"rendered":"<p>\u6b22\u8fce\u6765\u5230\u6211\u4eec\u7684\u7f51\u7ad9\uff01\u5728\u8fd9\u91cc\uff0c\u6211\u4eec\u81f4\u529b\u4e8e\u4e3a\u7528\u6237\u5e26\u6765\u6709\u5173\u597d\u5947\u5fc3\u548c\u5e94\u7528\u7a0b\u5e8f\u7684\u6700\u6709\u8da3\u7684\u65b0\u95fb\u3002\u6211\u4eec\u7684\u76ee\u6807\u662f\u63d0\u4f9b\u4e00\u4e2a\u5e73\u53f0\uff0c\u5bf9\u4e8e\u90a3\u4e9b\u5bfb\u627e\u5a31\u4e50\u4fe1\u606f\u548c\u90a3\u4e9b\u5e0c\u671b\u4e86\u89e3\u6700\u65b0\u4fe1\u606f\u7684\u4eba\u6765\u8bf4\u90fd\u662f\u6709\u7528\u7684 [\u2026]<\/p>","protected":false},"author":1,"featured_media":0,"parent":0,"menu_order":0,"comment_status":"closed","ping_status":"closed","template":"","meta":{"footnotes":""},"class_list":["post-98","page","type-page","status-publish","hentry"],"yoast_head":"<!-- This site is optimized with the Yoast SEO plugin v24.5 - https:\/\/yoast.com\/wordpress\/plugins\/seo\/ -->\n<title>P\u00e1gina Principal -<\/title>\n<meta name=\"robots\" content=\"index, follow, max-snippet:-1, max-image-preview:large, max-video-preview:-1\" \/>\n<link rel=\"canonical\" href=\"https:\/\/caleine.com\/zh\/\" \/>\n<meta property=\"og:locale\" content=\"zh_CN\" \/>\n<meta property=\"og:type\" content=\"article\" \/>\n<meta property=\"og:title\" content=\"P\u00e1gina Principal -\" \/>\n<meta property=\"og:description\" content=\"Bem-vindo ao nosso site! Aqui n\u00f3s nos dedicamos a trazer para nossos usu\u00e1rios as not\u00edcias mais interessantes sobre curiosidades e aplicativos. Temos como objetivo oferecer uma plataforma que possa ser \u00fatil tanto para aqueles que buscam informa\u00e7\u00f5es de entretenimento quanto para aqueles que procuram se manter atualizados com as novidades [&hellip;]\" \/>\n<meta property=\"og:url\" content=\"https:\/\/caleine.com\/zh\/\" \/>\n<meta property=\"article:modified_time\" content=\"2023-05-27T23:33:55+00:00\" \/>\n<meta property=\"og:image\" content=\"https:\/\/caleine.com\/wp-content\/uploads\/2023\/05\/Caleine-300x197.png\" \/>\n<meta name=\"twitter:card\" content=\"summary_large_image\" \/>\n<meta name=\"twitter:label1\" content=\"\u9884\u8ba1\u9605\u8bfb\u65f6\u95f4\" \/>\n\t<meta name=\"twitter:data1\" content=\"2 \u5206\" \/>\n<script type=\"application\/ld+json\" class=\"yoast-schema-graph\">{\"@context\":\"https:\/\/schema.org\",\"@graph\":[{\"@type\":\"WebPage\",\"@id\":\"https:\/\/caleine.com\/\",\"url\":\"https:\/\/caleine.com\/\",\"name\":\"P\u00e1gina Principal -\",\"isPartOf\":{\"@id\":\"https:\/\/caleine.com\/#website\"},\"primaryImageOfPage\":{\"@id\":\"https:\/\/caleine.com\/#primaryimage\"},\"image\":{\"@id\":\"https:\/\/caleine.com\/#primaryimage\"},\"thumbnailUrl\":\"https:\/\/caleine.com\/wp-content\/uploads\/2023\/05\/Caleine-300x197.png\",\"datePublished\":\"2023-05-27T23:32:10+00:00\",\"dateModified\":\"2023-05-27T23:33:55+00:00\",\"breadcrumb\":{\"@id\":\"https:\/\/caleine.com\/#breadcrumb\"},\"inLanguage\":\"zh-Hans\",\"potentialAction\":[{\"@type\":\"ReadAction\",\"target\":[\"https:\/\/caleine.com\/\"]}]},{\"@type\":\"ImageObject\",\"inLanguage\":\"zh-Hans\",\"@id\":\"https:\/\/caleine.com\/#primaryimage\",\"url\":\"https:\/\/caleine.com\/wp-content\/uploads\/2023\/05\/Caleine-300x197.png\",\"contentUrl\":\"https:\/\/caleine.com\/wp-content\/uploads\/2023\/05\/Caleine-300x197.png\"},{\"@type\":\"BreadcrumbList\",\"@id\":\"https:\/\/caleine.com\/#breadcrumb\",\"itemListElement\":[{\"@type\":\"ListItem\",\"position\":1,\"name\":\"In\u00edcio\",\"item\":\"https:\/\/caleine.com\/\"},{\"@type\":\"ListItem\",\"position\":2,\"name\":\"P\u00e1gina Principal\"}]},{\"@type\":\"WebSite\",\"@id\":\"https:\/\/caleine.com\/#website\",\"url\":\"https:\/\/caleine.com\/\",\"name\":\"\",\"description\":\"Caleine\",\"potentialAction\":[{\"@type\":\"SearchAction\",\"target\":{\"@type\":\"EntryPoint\",\"urlTemplate\":\"https:\/\/caleine.com\/?s={search_term_string}\"},\"query-input\":{\"@type\":\"PropertyValueSpecification\",\"valueRequired\":true,\"valueName\":\"search_term_string\"}}],\"inLanguage\":\"zh-Hans\"}]}<\/script>\n<!-- \/ Yoast SEO plugin. -->","yoast_head_json":{"title":"P\u00e1gina Principal -","robots":{"index":"index","follow":"follow","max-snippet":"max-snippet:-1","max-image-preview":"max-image-preview:large","max-video-preview":"max-video-preview:-1"},"canonical":"https:\/\/caleine.com\/zh\/","og_locale":"zh_CN","og_type":"article","og_title":"P\u00e1gina Principal -","og_description":"Bem-vindo ao nosso site! Aqui n\u00f3s nos dedicamos a trazer para nossos usu\u00e1rios as not\u00edcias mais interessantes sobre curiosidades e aplicativos. Temos como objetivo oferecer uma plataforma que possa ser \u00fatil tanto para aqueles que buscam informa\u00e7\u00f5es de entretenimento quanto para aqueles que procuram se manter atualizados com as novidades [&hellip;]","og_url":"https:\/\/caleine.com\/zh\/","article_modified_time":"2023-05-27T23:33:55+00:00","og_image":[{"url":"https:\/\/caleine.com\/wp-content\/uploads\/2023\/05\/Caleine-300x197.png","type":"","width":"","height":""}],"twitter_card":"summary_large_image","twitter_misc":{"\u9884\u8ba1\u9605\u8bfb\u65f6\u95f4":"2 \u5206"},"schema":{"@context":"https:\/\/schema.org","@graph":[{"@type":"WebPage","@id":"https:\/\/caleine.com\/","url":"https:\/\/caleine.com\/","name":"P\u00e1gina Principal -","isPartOf":{"@id":"https:\/\/caleine.com\/#website"},"primaryImageOfPage":{"@id":"https:\/\/caleine.com\/#primaryimage"},"image":{"@id":"https:\/\/caleine.com\/#primaryimage"},"thumbnailUrl":"https:\/\/caleine.com\/wp-content\/uploads\/2023\/05\/Caleine-300x197.png","datePublished":"2023-05-27T23:32:10+00:00","dateModified":"2023-05-27T23:33:55+00:00","breadcrumb":{"@id":"https:\/\/caleine.com\/#breadcrumb"},"inLanguage":"zh-Hans","potentialAction":[{"@type":"ReadAction","target":["https:\/\/caleine.com\/"]}]},{"@type":"ImageObject","inLanguage":"zh-Hans","@id":"https:\/\/caleine.com\/#primaryimage","url":"https:\/\/caleine.com\/wp-content\/uploads\/2023\/05\/Caleine-300x197.png","contentUrl":"https:\/\/caleine.com\/wp-content\/uploads\/2023\/05\/Caleine-300x197.png"},{"@type":"BreadcrumbList","@id":"https:\/\/caleine.com\/#breadcrumb","itemListElement":[{"@type":"ListItem","position":1,"name":"In\u00edcio","item":"https:\/\/caleine.com\/"},{"@type":"ListItem","position":2,"name":"P\u00e1gina Principal"}]},{"@type":"WebSite","@id":"https:\/\/caleine.com\/#website","url":"https:\/\/caleine.com\/","name":"","description":"Caleine","potentialAction":[{"@type":"SearchAction","target":{"@type":"EntryPoint","urlTemplate":"https:\/\/caleine.com\/?s={search_term_string}"},"query-input":{"@type":"PropertyValueSpecification","valueRequired":true,"valueName":"search_term_string"}}],"inLanguage":"zh-Hans"}]}},"_links":{"self":[{"href":"https:\/\/caleine.com\/zh\/wp-json\/wp\/v2\/pages\/98","targetHints":{"allow":["GET"]}}],"collection":[{"href":"https:\/\/caleine.com\/zh\/wp-json\/wp\/v2\/pages"}],"about":[{"href":"https:\/\/caleine.com\/zh\/wp-json\/wp\/v2\/types\/page"}],"author":[{"embeddable":true,"href":"https:\/\/caleine.com\/zh\/wp-json\/wp\/v2\/users\/1"}],"replies":[{"embeddable":true,"href":"https:\/\/caleine.com\/zh\/wp-json\/wp\/v2\/comments?post=98"}],"version-history":[{"count":2,"href":"https:\/\/caleine.com\/zh\/wp-json\/wp\/v2\/pages\/98\/revisions"}],"predecessor-version":[{"id":101,"href":"https:\/\/caleine.com\/zh\/wp-json\/wp\/v2\/pages\/98\/revisions\/101"}],"wp:attachment":[{"href":"https:\/\/caleine.com\/zh\/wp-json\/wp\/v2\/media?parent=98"}],"curies":[{"name":"wp","href":"https:\/\/api.w.org\/{rel}","templated":true}]}}